{"id":39446,"date":"2025-01-08T22:30:45","date_gmt":"2025-01-09T03:30:45","guid":{"rendered":"https:\/\/scsonline.ca\/?page_id=39446"},"modified":"2025-01-08T22:47:31","modified_gmt":"2025-01-09T03:47:31","slug":"accessibility-service-feedback-form","status":"publish","type":"page","link":"https:\/\/scsonline.ca\/fr\/accessibility-service-feedback-form\/","title":{"rendered":"Formulaire de r\u00e9troaction sur l\u2019accessibilit\u00e9"},"content":{"rendered":"<div class='gf_browser_gecko gform_wrapper gravity-theme gform-theme--no-framework' data-form-theme='gravity-theme' data-form-index='0' id='gform_wrapper_26' >\n                        <div class='gform_heading'>\n                            <p class='gform_description'><\/p>\n                        <\/div><form method='post' enctype='multipart\/form-data'  id='gform_26'  action=\"\/fr\/wp-json\/wp\/v2\/pages\/39446\" data-formid='26' novalidate>\n                        <div class='gform-body gform_body'><div id='gform_fields_26' class='gform_fields top_label form_sublabel_below description_below validation_below'><div id=\"field_26_21\" class=\"gfield gfield--type-section gfield--input-type-section gsection field_sublabel_below gfield--no-description field_description_below field_validation_below gfield_visibility_visible\"  ><h3 class=\"gsection_title\">Formulaire de r\u00e9troaction sur l\u2019accessibilit\u00e9<\/h3><\/div><div id=\"field_26_3\" class=\"gfield gfield--type-html gfield--input-type-html gfield_html gfield_html_formatted gfield_no_follows_desc field_sublabel_below gfield--no-description field_description_below field_validation_below gfield_visibility_visible\"  ><p>SCS s\u2019efforce d\u2019assurer la qualit\u00e9 de vos besoins d\u2019accessibilit\u00e9. Aidez-nous \u00e0 am\u00e9liorer nos\nservices en nous faisant part de vos commentaires.<\/p>\n\nVeuillez nous indiquer la date et l\u2019endroit que vous nous avez rendu visite:<\/div><div id=\"field_26_6\" class=\"gfield gfield--type-date gfield--input-type-date gfield--input-type-datepicker gfield--datepicker-no-icon gfield--width-half gfield_contains_required field_sublabel_below gfield--no-description field_description_below field_validation_below gfield_visibility_visible\"  ><label class='gfield_label gform-field-label' for='input_26_6'>Date<span class=\"gfield_required\"><span class=\"gfield_required gfield_required_text\">(N\u00e9cessaire)<\/span><\/span><\/label><div class='ginput_container ginput_container_date'>\n                            <input name='input_6' id='input_26_6' type='text' value='' class='datepicker gform-datepicker mdy datepicker_no_icon gdatepicker-no-icon'   placeholder='mm\/jj\/aaaa' aria-describedby=\"input_26_6_date_format\" aria-invalid=\"false\" aria-required=\"true\"\/>\n                            <span id='input_26_6_date_format' class='screen-reader-text'>MM slash JJ slash AAAA<\/span>\n                        <\/div>\n                        <input type='hidden' id='gforms_calendar_icon_input_26_6' class='gform_hidden' value='https:\/\/scsonline.ca\/wp-content\/plugins\/gravityforms\/images\/datepicker\/datepicker.svg'\/><\/div><div id=\"field_26_8\" class=\"gfield gfield--type-text gfield--input-type-text gfield--width-half gfield_contains_required field_sublabel_below gfield--no-description field_description_below field_validation_below gfield_visibility_visible\"  ><label class='gfield_label gform-field-label' for='input_26_8'>Emplacement<span class=\"gfield_required\"><span class=\"gfield_required gfield_required_text\">(N\u00e9cessaire)<\/span><\/span><\/label><div class='ginput_container ginput_container_text'><input name='input_8' id='input_26_8' type='text' value='' class='large'     aria-required=\"true\" aria-invalid=\"false\"   \/><\/div><\/div><fieldset id=\"field_26_9\" class=\"gfield gfield--type-radio gfield--type-choice gfield--input-type-radio gfield--width-full gfield_contains_required field_sublabel_below gfield--no-description field_description_below field_validation_below gfield_visibility_visible\"  ><legend class='gfield_label gform-field-label' >\u00cates-vous satisfait de l\u2019aide que vous avez re\u00e7u?<span class=\"gfield_required\"><span class=\"gfield_required gfield_required_text\">(N\u00e9cessaire)<\/span><\/span><\/legend><div class='ginput_container ginput_container_radio'><div class='gfield_radio' id='input_26_9'>\n\t\t\t<div class='gchoice gchoice_26_9_0'>\n\t\t\t\t\t<input class='gfield-choice-input' name='input_9' type='radio' value='Oui'  id='choice_26_9_0' onchange='gformToggleRadioOther( this )'    \/>\n\t\t\t\t\t<label for='choice_26_9_0' id='label_26_9_0' class='gform-field-label gform-field-label--type-inline'>Oui<\/label>\n\t\t\t<\/div>\n\t\t\t<div class='gchoice gchoice_26_9_1'>\n\t\t\t\t\t<input class='gfield-choice-input' name='input_9' type='radio' value='Non'  id='choice_26_9_1' onchange='gformToggleRadioOther( this )'    \/>\n\t\t\t\t\t<label for='choice_26_9_1' id='label_26_9_1' class='gform-field-label gform-field-label--type-inline'>Non<\/label>\n\t\t\t<\/div>\n\t\t\t<div class='gchoice gchoice_26_9_2'>\n\t\t\t\t\t<input class='gfield-choice-input' name='input_9' type='radio' value='Quelque peu'  id='choice_26_9_2' onchange='gformToggleRadioOther( this )'    \/>\n\t\t\t\t\t<label for='choice_26_9_2' id='label_26_9_2' class='gform-field-label gform-field-label--type-inline'>Quelque peu<\/label>\n\t\t\t<\/div><\/div><\/div><\/fieldset><div id=\"field_26_10\" class=\"gfield gfield--type-text gfield--input-type-text gfield--width-full field_sublabel_below gfield--no-description field_description_below field_validation_below gfield_visibility_visible\"  ><label class='gfield_label gform-field-label' for='input_26_10'>Commentaires<\/label><div class='ginput_container ginput_container_text'><input name='input_10' id='input_26_10' type='text' value='' class='large'      aria-invalid=\"false\"   \/><\/div><\/div><fieldset id=\"field_26_11\" class=\"gfield gfield--type-radio gfield--type-choice gfield--input-type-radio gfield--width-full gfield_contains_required field_sublabel_below gfield--no-description field_description_below field_validation_below gfield_visibility_visible\"  ><legend class='gfield_label gform-field-label' >Avez-vous trouv\u00e9 notre bureau accueillant et facile d\u2019acc\u00e8s?<span class=\"gfield_required\"><span class=\"gfield_required gfield_required_text\">(N\u00e9cessaire)<\/span><\/span><\/legend><div class='ginput_container ginput_container_radio'><div class='gfield_radio' id='input_26_11'>\n\t\t\t<div class='gchoice gchoice_26_11_0'>\n\t\t\t\t\t<input class='gfield-choice-input' name='input_11' type='radio' value='Oui'  id='choice_26_11_0' onchange='gformToggleRadioOther( this )'    \/>\n\t\t\t\t\t<label for='choice_26_11_0' id='label_26_11_0' class='gform-field-label gform-field-label--type-inline'>Oui<\/label>\n\t\t\t<\/div>\n\t\t\t<div class='gchoice gchoice_26_11_1'>\n\t\t\t\t\t<input class='gfield-choice-input' name='input_11' type='radio' value='Non'  id='choice_26_11_1' onchange='gformToggleRadioOther( this )'    \/>\n\t\t\t\t\t<label for='choice_26_11_1' id='label_26_11_1' class='gform-field-label gform-field-label--type-inline'>Non<\/label>\n\t\t\t<\/div>\n\t\t\t<div class='gchoice gchoice_26_11_2'>\n\t\t\t\t\t<input class='gfield-choice-input' name='input_11' type='radio' value='Quelque peu'  id='choice_26_11_2' onchange='gformToggleRadioOther( this )'    \/>\n\t\t\t\t\t<label for='choice_26_11_2' id='label_26_11_2' class='gform-field-label gform-field-label--type-inline'>Quelque peu<\/label>\n\t\t\t<\/div><\/div><\/div><\/fieldset><div id=\"field_26_12\" class=\"gfield gfield--type-text gfield--input-type-text gfield--width-full field_sublabel_below gfield--no-description field_description_below field_validation_below gfield_visibility_visible\"  ><label class='gfield_label gform-field-label' for='input_26_12'>Commentaire<\/label><div class='ginput_container ginput_container_text'><input name='input_12' id='input_26_12' type='text' value='' class='large'      aria-invalid=\"false\"   \/><\/div><\/div><fieldset id=\"field_26_13\" class=\"gfield gfield--type-radio gfield--type-choice gfield--input-type-radio gfield--width-full gfield_contains_required field_sublabel_below gfield--no-description field_description_below field_validation_below gfield_visibility_visible\"  ><legend class='gfield_label gform-field-label' >Vous sentiez-vous \u00e0 l\u2019aise en tout temps lors de votre visite?<span class=\"gfield_required\"><span class=\"gfield_required gfield_required_text\">(N\u00e9cessaire)<\/span><\/span><\/legend><div class='ginput_container ginput_container_radio'><div class='gfield_radio' id='input_26_13'>\n\t\t\t<div class='gchoice gchoice_26_13_0'>\n\t\t\t\t\t<input class='gfield-choice-input' name='input_13' type='radio' value='Oui'  id='choice_26_13_0' onchange='gformToggleRadioOther( this )'    \/>\n\t\t\t\t\t<label for='choice_26_13_0' id='label_26_13_0' class='gform-field-label gform-field-label--type-inline'>Oui<\/label>\n\t\t\t<\/div>\n\t\t\t<div class='gchoice gchoice_26_13_1'>\n\t\t\t\t\t<input class='gfield-choice-input' name='input_13' type='radio' value='Non'  id='choice_26_13_1' onchange='gformToggleRadioOther( this )'    \/>\n\t\t\t\t\t<label for='choice_26_13_1' id='label_26_13_1' class='gform-field-label gform-field-label--type-inline'>Non<\/label>\n\t\t\t<\/div>\n\t\t\t<div class='gchoice gchoice_26_13_2'>\n\t\t\t\t\t<input class='gfield-choice-input' name='input_13' type='radio' value='Quelque peu'  id='choice_26_13_2' onchange='gformToggleRadioOther( this )'    \/>\n\t\t\t\t\t<label for='choice_26_13_2' id='label_26_13_2' class='gform-field-label gform-field-label--type-inline'>Quelque peu<\/label>\n\t\t\t<\/div><\/div><\/div><\/fieldset><div id=\"field_26_14\" class=\"gfield gfield--type-text gfield--input-type-text gfield--width-full field_sublabel_below gfield--no-description field_description_below field_validation_below gfield_visibility_visible\"  ><label class='gfield_label gform-field-label' for='input_26_14'>Commentaires<\/label><div class='ginput_container ginput_container_text'><input name='input_14' id='input_26_14' type='text' value='' class='large'      aria-invalid=\"false\"   \/><\/div><\/div><div id=\"field_26_15\" class=\"gfield gfield--type-textarea gfield--input-type-textarea gfield--width-full field_sublabel_below gfield--no-description field_description_below field_validation_below gfield_visibility_visible\"  ><label class='gfield_label gform-field-label' for='input_26_15'>Veuillez nous faire part de vos besoins en mati\u00e8re de communication afin que nous puissions mieux vous servir.<\/label><div class='ginput_container ginput_container_textarea'><textarea name='input_15' id='input_26_15' class='textarea large'      aria-invalid=\"false\"   rows='10' cols='50'><\/textarea><\/div><\/div><div id=\"field_26_17\" class=\"gfield gfield--type-section gfield--input-type-section gsection field_sublabel_below gfield--no-description field_description_below field_validation_below gfield_visibility_visible\"  ><h3 class=\"gsection_title\">Renseignements (optionnel)<\/h3><\/div><fieldset id=\"field_26_18\" class=\"gfield gfield--type-name gfield--input-type-name gfield--width-full field_sublabel_below gfield--no-description field_description_below field_validation_below gfield_visibility_visible\"  ><legend class='gfield_label gform-field-label gfield_label_before_complex' >Nom<\/legend><div class='ginput_complex ginput_container ginput_container--name no_prefix has_first_name no_middle_name has_last_name no_suffix gf_name_has_2 ginput_container_name gform-grid-row' id='input_26_18'>\n                            \n                            <span id='input_26_18_3_container' class='name_first gform-grid-col gform-grid-col--size-auto' >\n                                                    <input type='text' name='input_18.3' id='input_26_18_3' value=''   aria-required='false'     \/>\n                                                    <label for='input_26_18_3' class='gform-field-label gform-field-label--type-sub '>Pr\u00e9nom<\/label>\n                                                <\/span>\n                            \n                            <span id='input_26_18_6_container' class='name_last gform-grid-col gform-grid-col--size-auto' >\n                                                    <input type='text' name='input_18.6' id='input_26_18_6' value=''   aria-required='false'     \/>\n                                                    <label for='input_26_18_6' class='gform-field-label gform-field-label--type-sub '>Nom de famille<\/label>\n                                                <\/span>\n                            \n                        <\/div><\/fieldset><div id=\"field_26_19\" class=\"gfield gfield--type-phone gfield--input-type-phone gfield--width-full field_sublabel_below gfield--no-description field_description_below field_validation_below gfield_visibility_visible\"  ><label class='gfield_label gform-field-label' for='input_26_19'>T\u00e9l\u00e9phone<\/label><div class='ginput_container ginput_container_phone'><input name='input_19' id='input_26_19' type='tel' value='' class='large'    aria-invalid=\"false\"   \/><\/div><\/div><div id=\"field_26_20\" class=\"gfield gfield--type-email gfield--input-type-email gfield--width-full field_sublabel_below gfield--no-description field_description_below field_validation_below gfield_visibility_visible\"  ><label class='gfield_label gform-field-label' for='input_26_20'>Courriel<\/label><div class='ginput_container ginput_container_email'>\n                            <input name='input_20' id='input_26_20' type='email' value='' class='large'     aria-invalid=\"false\"  \/>\n                        <\/div><\/div><\/div><\/div>\n        <div class='gform-footer gform_footer top_label'> <input type='submit' id='gform_submit_button_26' class='gform_button button' onclick='gform.submission.handleButtonClick(this);' data-submission-type='submit' value='Envoyer'  \/> \n            <input type='hidden' class='gform_hidden' name='gform_submission_method' data-js='gform_submission_method_26' value='postback' \/>\n            <input type='hidden' class='gform_hidden' name='gform_theme' data-js='gform_theme_26' id='gform_theme_26' value='gravity-theme' \/>\n            <input type='hidden' class='gform_hidden' name='gform_style_settings' data-js='gform_style_settings_26' id='gform_style_settings_26' value='[]' \/>\n            <input type='hidden' class='gform_hidden' name='is_submit_26' value='1' \/>\n            <input type='hidden' class='gform_hidden' name='gform_submit' value='26' \/>\n            \n            <input type='hidden' class='gform_hidden' name='gform_unique_id' value='' \/>\n            <input type='hidden' class='gform_hidden' name='state_26' value='WyJ7XCI5XCI6W1wiNWRiZGY3MWY4MWE0M2YyNjZlYjJjMzYyMzQ1NGRhZGVcIixcImU5OWNlYjRlMDlhZjY3YTRiMDY1Mzk0YmRjMjc1NGI4XCIsXCI3ZGJlY2FjMTFiMTQzZDI5YmY3YTY2MTY3ZTQ3ZDIzMVwiXSxcIjExXCI6W1wiNWRiZGY3MWY4MWE0M2YyNjZlYjJjMzYyMzQ1NGRhZGVcIixcImU5OWNlYjRlMDlhZjY3YTRiMDY1Mzk0YmRjMjc1NGI4XCIsXCI3ZGJlY2FjMTFiMTQzZDI5YmY3YTY2MTY3ZTQ3ZDIzMVwiXSxcIjEzXCI6W1wiNWRiZGY3MWY4MWE0M2YyNjZlYjJjMzYyMzQ1NGRhZGVcIixcImU5OWNlYjRlMDlhZjY3YTRiMDY1Mzk0YmRjMjc1NGI4XCIsXCI3ZGJlY2FjMTFiMTQzZDI5YmY3YTY2MTY3ZTQ3ZDIzMVwiXX0iLCJkZmY5MjA1YjQ3NmVhNjY4NWM3Y2Y4ODJjOTZjOWMwZCJd' \/>\n            <input type='hidden' autocomplete='off' class='gform_hidden' name='gform_target_page_number_26' id='gform_target_page_number_26' value='0' \/>\n            <input type='hidden' autocomplete='off' class='gform_hidden' name='gform_source_page_number_26' id='gform_source_page_number_26' value='1' \/>\n            <input type='hidden' name='gform_field_values' value='' \/>\n            \n        <\/div>\n                        <\/form>\n                        <\/div><script>\ngform.initializeOnLoaded( function() {gformInitSpinner( 26, 'https:\/\/scsonline.ca\/wp-content\/plugins\/gravityforms\/images\/spinner.svg', true );jQuery('#gform_ajax_frame_26').on('load',function(){var contents = jQuery(this).contents().find('*').html();var is_postback = contents.indexOf('GF_AJAX_POSTBACK') >= 0;if(!is_postback){return;}var form_content = jQuery(this).contents().find('#gform_wrapper_26');var is_confirmation = jQuery(this).contents().find('#gform_confirmation_wrapper_26').length > 0;var is_redirect = contents.indexOf('gformRedirect(){') >= 0;var is_form = form_content.length > 0 && ! is_redirect && ! is_confirmation;var mt = parseInt(jQuery('html').css('margin-top'), 10) + parseInt(jQuery('body').css('margin-top'), 10) + 100;if(is_form){jQuery('#gform_wrapper_26').html(form_content.html());if(form_content.hasClass('gform_validation_error')){jQuery('#gform_wrapper_26').addClass('gform_validation_error');} else {jQuery('#gform_wrapper_26').removeClass('gform_validation_error');}setTimeout( function() { \/* delay the scroll by 50 milliseconds to fix a bug in chrome *\/  }, 50 );if(window['gformInitDatepicker']) {gformInitDatepicker();}if(window['gformInitPriceFields']) {gformInitPriceFields();}var current_page = jQuery('#gform_source_page_number_26').val();gformInitSpinner( 26, 'https:\/\/scsonline.ca\/wp-content\/plugins\/gravityforms\/images\/spinner.svg', true );jQuery(document).trigger('gform_page_loaded', [26, current_page]);window['gf_submitting_26'] = false;}else if(!is_redirect){var confirmation_content = jQuery(this).contents().find('.GF_AJAX_POSTBACK').html();if(!confirmation_content){confirmation_content = contents;}jQuery('#gform_wrapper_26').replaceWith(confirmation_content);jQuery(document).trigger('gform_confirmation_loaded', [26]);window['gf_submitting_26'] = false;wp.a11y.speak(jQuery('#gform_confirmation_message_26').text());}else{jQuery('#gform_26').append(contents);if(window['gformRedirect']) {gformRedirect();}}jQuery(document).trigger(\"gform_pre_post_render\", [{ formId: \"26\", currentPage: \"current_page\", abort: function() { this.preventDefault(); } }]);        if (event && event.defaultPrevented) {                return;        }        const gformWrapperDiv = document.getElementById( \"gform_wrapper_26\" );        if ( gformWrapperDiv ) {            const visibilitySpan = document.createElement( \"span\" );            visibilitySpan.id = \"gform_visibility_test_26\";            gformWrapperDiv.insertAdjacentElement( \"afterend\", visibilitySpan );        }        const visibilityTestDiv = document.getElementById( \"gform_visibility_test_26\" );        let postRenderFired = false;        function triggerPostRender() {            if ( postRenderFired ) {                return;            }            postRenderFired = true;            gform.core.triggerPostRenderEvents( 26, current_page );            if ( visibilityTestDiv ) {                visibilityTestDiv.parentNode.removeChild( visibilityTestDiv );            }        }        function debounce( func, wait, immediate ) {            var timeout;            return function() {                var context = this, args = arguments;                var later = function() {                    timeout = null;                    if ( !immediate ) func.apply( context, args );                };                var callNow = immediate && !timeout;                clearTimeout( timeout );                timeout = setTimeout( later, wait );                if ( callNow ) func.apply( context, args );            };        }        const debouncedTriggerPostRender = debounce( function() {            triggerPostRender();        }, 200 );        if ( visibilityTestDiv && visibilityTestDiv.offsetParent === null ) {            const observer = new MutationObserver( ( mutations ) => {                mutations.forEach( ( mutation ) => {                    if ( mutation.type === 'attributes' && visibilityTestDiv.offsetParent !== null ) {                        debouncedTriggerPostRender();                        observer.disconnect();                    }                });            });            observer.observe( document.body, {                attributes: true,                childList: false,                subtree: true,                attributeFilter: [ 'style', 'class' ],            });        } else {            triggerPostRender();        }    } );} );\n<\/script>","protected":false},"excerpt":{"rendered":"","protected":false},"author":14,"featured_media":0,"parent":0,"menu_order":0,"comment_status":"closed","ping_status":"closed","template":"","meta":{"om_disable_all_campaigns":false,"_monsterinsights_skip_tracking":false,"_monsterinsights_sitenote_active":false,"_monsterinsights_sitenote_note":"","_monsterinsights_sitenote_category":0,"_uf_show_specific_survey":0,"_uf_disable_surveys":false,"footnotes":""},"class_list":["post-39446","page","type-page","status-publish","hentry"],"_links":{"self":[{"href":"https:\/\/scsonline.ca\/fr\/wp-json\/wp\/v2\/pages\/39446","targetHints":{"allow":["GET"]}}],"collection":[{"href":"https:\/\/scsonline.ca\/fr\/wp-json\/wp\/v2\/pages"}],"about":[{"href":"https:\/\/scsonline.ca\/fr\/wp-json\/wp\/v2\/types\/page"}],"author":[{"embeddable":true,"href":"https:\/\/scsonline.ca\/fr\/wp-json\/wp\/v2\/users\/14"}],"replies":[{"embeddable":true,"href":"https:\/\/scsonline.ca\/fr\/wp-json\/wp\/v2\/comments?post=39446"}],"version-history":[{"count":2,"href":"https:\/\/scsonline.ca\/fr\/wp-json\/wp\/v2\/pages\/39446\/revisions"}],"predecessor-version":[{"id":39450,"href":"https:\/\/scsonline.ca\/fr\/wp-json\/wp\/v2\/pages\/39446\/revisions\/39450"}],"wp:attachment":[{"href":"https:\/\/scsonline.ca\/fr\/wp-json\/wp\/v2\/media?parent=39446"}],"curies":[{"name":"wp","href":"https:\/\/api.w.org\/{rel}","templated":true}]}}