{"id":38390,"date":"2024-09-10T15:27:27","date_gmt":"2024-09-10T19:27:27","guid":{"rendered":"https:\/\/scsonline.ca\/?page_id=38390"},"modified":"2025-09-24T09:45:51","modified_gmt":"2025-09-24T13:45:51","slug":"robert-houle","status":"publish","type":"page","link":"https:\/\/scsonline.ca\/fr\/about-us\/board-of-directors\/robert-houle\/","title":{"rendered":"Robert Houle"},"content":{"rendered":"<h1>Robert Houle, BA, MPA, CFP, CLU, CH. F.C., RPA<\/h1>\n<p><strong>Devenu membre du conseil d\u2019administration de SCS en 2024<\/strong><\/p>\n<p>De 1992 \u00e0 2023, Robert Houle a occup\u00e9 le poste de directeur de CAPCORP Financial, dans le cadre duquel il a conseill\u00e9 les clients sur la conception et le financement des avantages sociaux des employ\u00e9s pour les r\u00e9gimes d\u2019assurance collective et de retraite collective. La mise en \u0153uvre de solutions novatrices a aid\u00e9 les employeurs \u00e0 ma\u00eetriser les co\u00fbts tout en \u00e9quilibrant les risques et en encourageant les participants aux r\u00e9gimes \u00e0 \u00eatre de meilleurs consommateurs. Au cours de sa carri\u00e8re \u00e0 titre de conseiller en avantages sociaux, Robert a \u00e9t\u00e9 actif dans le secteur o\u00f9 il est membre fondateur et ancien pr\u00e9sident de Benefits Alliance, la principale alliance nationale canadienne de cabinets de conseil ind\u00e9pendants en avantages sociaux, administrant collectivement des r\u00e9gimes d\u2019avantages sociaux des employ\u00e9s avec 2,2\u00a0milliards de dollars de primes d\u2019assurance collective et 6\u00a0milliards de dollars en actifs de r\u00e9gimes de retraite pour 13\u00a0000\u00a0promoteurs de r\u00e9gimes d\u2019employeurs couvrant plus de deux millions de Canadiens.<\/p>\n<p>De plus, M.\u00a0Houle a \u00e9t\u00e9 directeur de la Conference for Advanced Life Underwriting (CALU), o\u00f9 il a \u00e9galement pr\u00e9sid\u00e9 le groupe national sur les avantages sociaux des employ\u00e9s. Tout au long de sa carri\u00e8re, il a \u00e9t\u00e9 membre de l\u2019Association des conseillers financiers du Canada et d\u2019Advocis.<\/p>\n<p>Robert Houle \u00e9tait tr\u00e8s actif en politique, notamment comme conseiller municipal \u00e9lu, directeur de campagne, adjoint ex\u00e9cutif d\u2019un d\u00e9put\u00e9 et chef de cabinet d\u2019un ministre du gouvernement f\u00e9d\u00e9ral. De plus, M.\u00a0Houle a si\u00e9g\u00e9 pendant 13\u00a0ans au conseil d\u2019administration de la Fondation de sant\u00e9 mentale Royal Ottawa, dont cinq (5) ans \u00e0 un poste de direction.<\/p>\n<p>Houle a obtenu un baccalaur\u00e9at de l\u2019Universit\u00e9 Laurentienne et une ma\u00eetrise en administration publique de l\u2019Universit\u00e9 Queen\u2019s. Il d\u00e9tient quatre (4) titres professionnels dans la carri\u00e8re qu\u2019il a choisie.<\/p>\n<p>Pendant 35\u00a0ans, Robert a \u00e9t\u00e9 membre du Club Kiwanis d\u2019Ottawa en tant que b\u00e9n\u00e9vole dans des domaines tels que les jeunes, les personnes \u00e2g\u00e9es, les services communautaires, le legs et la collecte de fonds.<\/p>\n<p>Robert aime les voyages, le golf, la motoneige, la lecture et les collections de vin.","protected":false},"excerpt":{"rendered":"<p>Robert Houle, BA, MPA, CFP, CLU, CH. F.C., RPA Devenu membre du conseil d\u2019administration de SCS en 2024 De 1992 \u00e0 2023, Robert Houle a occup\u00e9 le poste de directeur de CAPCORP Financial, dans le cadre duquel il a conseill\u00e9 les clients sur la conception et le financement des avantages sociaux des employ\u00e9s pour les &hellip; <a href=\"https:\/\/scsonline.ca\/fr\/about-us\/board-of-directors\/robert-houle\/\" class=\"more-link\">Continuer la lecture de <span class=\"screen-reader-text\">Robert Houle<\/span> <span class=\"meta-nav\">&rarr;<\/span><\/a><\/p>\n","protected":false},"author":14,"featured_media":0,"parent":146,"menu_order":0,"comment_status":"closed","ping_status":"closed","template":"","meta":{"om_disable_all_campaigns":false,"_monsterinsights_skip_tracking":false,"_monsterinsights_sitenote_active":false,"_monsterinsights_sitenote_note":"","_monsterinsights_sitenote_category":0,"_uf_show_specific_survey":0,"_uf_disable_surveys":false,"footnotes":""},"class_list":["post-38390","page","type-page","status-publish","hentry"],"_links":{"self":[{"href":"https:\/\/scsonline.ca\/fr\/wp-json\/wp\/v2\/pages\/38390","targetHints":{"allow":["GET"]}}],"collection":[{"href":"https:\/\/scsonline.ca\/fr\/wp-json\/wp\/v2\/pages"}],"about":[{"href":"https:\/\/scsonline.ca\/fr\/wp-json\/wp\/v2\/types\/page"}],"author":[{"embeddable":true,"href":"https:\/\/scsonline.ca\/fr\/wp-json\/wp\/v2\/users\/14"}],"replies":[{"embeddable":true,"href":"https:\/\/scsonline.ca\/fr\/wp-json\/wp\/v2\/comments?post=38390"}],"version-history":[{"count":3,"href":"https:\/\/scsonline.ca\/fr\/wp-json\/wp\/v2\/pages\/38390\/revisions"}],"predecessor-version":[{"id":40628,"href":"https:\/\/scsonline.ca\/fr\/wp-json\/wp\/v2\/pages\/38390\/revisions\/40628"}],"up":[{"embeddable":true,"href":"https:\/\/scsonline.ca\/fr\/wp-json\/wp\/v2\/pages\/146"}],"wp:attachment":[{"href":"https:\/\/scsonline.ca\/fr\/wp-json\/wp\/v2\/media?parent=38390"}],"curies":[{"name":"wp","href":"https:\/\/api.w.org\/{rel}","templated":true}]}}