{"id":38387,"date":"2024-09-10T15:25:08","date_gmt":"2024-09-10T19:25:08","guid":{"rendered":"https:\/\/scsonline.ca\/?page_id=38387"},"modified":"2025-09-24T09:34:58","modified_gmt":"2025-09-24T13:34:58","slug":"valoree-l-mckay","status":"publish","type":"page","link":"https:\/\/scsonline.ca\/fr\/about-us\/board-of-directors\/valoree-l-mckay\/","title":{"rendered":"Valoree L. McKay"},"content":{"rendered":"<h1>Valoree L. McKay, CAE<\/h1>\n<p><strong>Devenue membre du conseil d\u2019administration de SCS en 2024<\/strong><\/p>\n<p>Valoree est cadre d\u2019association \u00e9m\u00e9rite (CAE) bilingue et chevronn\u00e9e, connue pour son leadership transformationnel dans le secteur sans but lucratif. Elle est \u00e0 la t\u00eate d\u2019associations \u00e0 l\u2019\u00e9chelle nationale depuis plus de 25\u00a0ans \u2013 de la cr\u00e9ation \u00e0 la dissolution et dans de nombreuses facettes du changement et de la croissance.<\/p>\n<p>Le changement a toujours \u00e9t\u00e9 un objectif cl\u00e9 dans les r\u00f4les de leadership de Valoree. Elle a dirig\u00e9 le changement dans les mod\u00e8les de gouvernance ainsi que le changement pour la croissance et l\u2019efficacit\u00e9, y compris le changement complet de l\u2019image de marque, les r\u00e9visions de syst\u00e8mes et les examens op\u00e9rationnels. Elle a cr\u00e9\u00e9 une association professionnelle pour une nouvelle profession de la sant\u00e9 qui a abouti \u00e0 l\u2019int\u00e9gration de cette profession dans les syst\u00e8mes de sant\u00e9 provinciaux. De plus, elle a men\u00e9 un changement transformateur qui a permis de r\u00e9unir une communaut\u00e9 fractur\u00e9e pour qu\u2019elle s\u2019approprie et red\u00e9finisse le mod\u00e8le de valeur de l\u2019association nationale.<\/p>\n<p>Valoree a \u00e9t\u00e9 reconnue \u00e0 plusieurs reprises pour les forces qu\u2019elle apporte \u00e0 une organisation, notamment son professionnalisme, son int\u00e9grit\u00e9 et son enthousiasme, ainsi que son d\u00e9vouement \u00e0 l\u2019excellence en leadership. Valoree a une vision strat\u00e9gique et ses domaines d\u2019expertise comprennent le leadership en mati\u00e8re de changement, l\u2019innovation croissante, l\u2019am\u00e9lioration de la qualit\u00e9, la d\u00e9fense des int\u00e9r\u00eats du gouvernement, la gouvernance des associations et l\u2019\u00e9tablissement de partenariats.<\/p>\n<p>Valoree a jou\u00e9 un r\u00f4le cl\u00e9 sur la sc\u00e8ne nationale et internationale en mati\u00e8re de soins de sant\u00e9. Elle a plaid\u00e9 pour un certain nombre de questions importantes \u00e0 l\u2019int\u00e9rieur et \u00e0 l\u2019ext\u00e9rieur des soins de sant\u00e9, notamment les ressources humaines en sant\u00e9, les questions de sant\u00e9 respiratoire et d\u2019urgence, la recherche, les questions de biblioth\u00e8que et d\u2019information, la libert\u00e9 intellectuelle, le droit d\u2019auteur et la lutte antitabac.","protected":false},"excerpt":{"rendered":"<p>Valoree L. McKay, CAE Devenue membre du conseil d\u2019administration de SCS en 2024 Valoree est cadre d\u2019association \u00e9m\u00e9rite (CAE) bilingue et chevronn\u00e9e, connue pour son leadership transformationnel dans le secteur sans but lucratif. Elle est \u00e0 la t\u00eate d\u2019associations \u00e0 l\u2019\u00e9chelle nationale depuis plus de 25\u00a0ans \u2013 de la cr\u00e9ation \u00e0 la dissolution et dans &hellip; <a href=\"https:\/\/scsonline.ca\/fr\/about-us\/board-of-directors\/valoree-l-mckay\/\" class=\"more-link\">Continuer la lecture de <span class=\"screen-reader-text\">Valoree L. McKay<\/span> <span class=\"meta-nav\">&rarr;<\/span><\/a><\/p>\n","protected":false},"author":14,"featured_media":0,"parent":146,"menu_order":0,"comment_status":"closed","ping_status":"closed","template":"","meta":{"om_disable_all_campaigns":false,"_monsterinsights_skip_tracking":false,"_monsterinsights_sitenote_active":false,"_monsterinsights_sitenote_note":"","_monsterinsights_sitenote_category":0,"_uf_show_specific_survey":0,"_uf_disable_surveys":false,"footnotes":""},"class_list":["post-38387","page","type-page","status-publish","hentry"],"_links":{"self":[{"href":"https:\/\/scsonline.ca\/fr\/wp-json\/wp\/v2\/pages\/38387","targetHints":{"allow":["GET"]}}],"collection":[{"href":"https:\/\/scsonline.ca\/fr\/wp-json\/wp\/v2\/pages"}],"about":[{"href":"https:\/\/scsonline.ca\/fr\/wp-json\/wp\/v2\/types\/page"}],"author":[{"embeddable":true,"href":"https:\/\/scsonline.ca\/fr\/wp-json\/wp\/v2\/users\/14"}],"replies":[{"embeddable":true,"href":"https:\/\/scsonline.ca\/fr\/wp-json\/wp\/v2\/comments?post=38387"}],"version-history":[{"count":3,"href":"https:\/\/scsonline.ca\/fr\/wp-json\/wp\/v2\/pages\/38387\/revisions"}],"predecessor-version":[{"id":40626,"href":"https:\/\/scsonline.ca\/fr\/wp-json\/wp\/v2\/pages\/38387\/revisions\/40626"}],"up":[{"embeddable":true,"href":"https:\/\/scsonline.ca\/fr\/wp-json\/wp\/v2\/pages\/146"}],"wp:attachment":[{"href":"https:\/\/scsonline.ca\/fr\/wp-json\/wp\/v2\/media?parent=38387"}],"curies":[{"name":"wp","href":"https:\/\/api.w.org\/{rel}","templated":true}]}}