{"id":38383,"date":"2024-09-10T15:22:13","date_gmt":"2024-09-10T19:22:13","guid":{"rendered":"https:\/\/scsonline.ca\/?page_id=38383"},"modified":"2025-09-24T09:49:25","modified_gmt":"2025-09-24T13:49:25","slug":"matthew-pierce","status":"publish","type":"page","link":"https:\/\/scsonline.ca\/fr\/about-us\/board-of-directors\/matthew-pierce\/","title":{"rendered":"Matthew Pierce"},"content":{"rendered":"<h1>Matthew Pierce<\/h1>\n<p><strong>Devenu membre du conseil d\u2019administration de SCS en 2024<\/strong><\/p>\n<p class=\"P68B1DB1-Normal3\" style=\"margin-bottom: .0001pt; line-height: normal;\"><span lang=\"FR-CA\">Matt Pierce est un leader de la transformation qui a de solides ant\u00e9c\u00e9dents \u00e0 l\u2019\u00e9chelle internationale en mati\u00e8re de croissance et de lancement d\u2019entreprises novatrices. Poss\u00e9dant plus de deux d\u00e9cennies d\u2019exp\u00e9rience, Matt a dirig\u00e9 avec succ\u00e8s plusieurs organisations dans le cadre de transformations strat\u00e9giques. Son expertise couvre la strat\u00e9gie de march\u00e9, l\u2019int\u00e9gration technologique et l\u2019efficacit\u00e9 op\u00e9rationnelle. En tant que membre du conseil d\u2019administration de Service Coordination Soutien, Matt apporte ses connaissances en mati\u00e8re de leadership, de prestation de services et de transformation technologique pour guider l\u2019organisation dans la r\u00e9alisation de sa mission et l\u2019am\u00e9lioration de l\u2019exp\u00e9rience client. Matt est titulaire d\u2019un MBA de l\u2019Universit\u00e9 Duke et d\u2019un baccalaur\u00e9at de l\u2019Universit\u00e9 de Toronto et termine actuellement un certificat en sciences des donn\u00e9es de la Harvard Extension School. Matt est mari\u00e9, il a deux enfants adultes et une fille dynamique de neuf ans qui garde la famille sur ses gardes.<\/span><\/p>","protected":false},"excerpt":{"rendered":"<p>Matthew Pierce Devenu membre du conseil d\u2019administration de SCS en 2024 Matt Pierce est un leader de la transformation qui a de solides ant\u00e9c\u00e9dents \u00e0 l\u2019\u00e9chelle internationale en mati\u00e8re de croissance et de lancement d\u2019entreprises novatrices. Poss\u00e9dant plus de deux d\u00e9cennies d\u2019exp\u00e9rience, Matt a dirig\u00e9 avec succ\u00e8s plusieurs organisations dans le cadre de transformations strat\u00e9giques. &hellip; <a href=\"https:\/\/scsonline.ca\/fr\/about-us\/board-of-directors\/matthew-pierce\/\" class=\"more-link\">Continuer la lecture de <span class=\"screen-reader-text\">Matthew Pierce<\/span> <span class=\"meta-nav\">&rarr;<\/span><\/a><\/p>\n","protected":false},"author":14,"featured_media":0,"parent":146,"menu_order":0,"comment_status":"closed","ping_status":"closed","template":"","meta":{"om_disable_all_campaigns":false,"_monsterinsights_skip_tracking":false,"_monsterinsights_sitenote_active":false,"_monsterinsights_sitenote_note":"","_monsterinsights_sitenote_category":0,"_uf_show_specific_survey":0,"_uf_disable_surveys":false,"footnotes":""},"class_list":["post-38383","page","type-page","status-publish","hentry"],"_links":{"self":[{"href":"https:\/\/scsonline.ca\/fr\/wp-json\/wp\/v2\/pages\/38383","targetHints":{"allow":["GET"]}}],"collection":[{"href":"https:\/\/scsonline.ca\/fr\/wp-json\/wp\/v2\/pages"}],"about":[{"href":"https:\/\/scsonline.ca\/fr\/wp-json\/wp\/v2\/types\/page"}],"author":[{"embeddable":true,"href":"https:\/\/scsonline.ca\/fr\/wp-json\/wp\/v2\/users\/14"}],"replies":[{"embeddable":true,"href":"https:\/\/scsonline.ca\/fr\/wp-json\/wp\/v2\/comments?post=38383"}],"version-history":[{"count":3,"href":"https:\/\/scsonline.ca\/fr\/wp-json\/wp\/v2\/pages\/38383\/revisions"}],"predecessor-version":[{"id":40631,"href":"https:\/\/scsonline.ca\/fr\/wp-json\/wp\/v2\/pages\/38383\/revisions\/40631"}],"up":[{"embeddable":true,"href":"https:\/\/scsonline.ca\/fr\/wp-json\/wp\/v2\/pages\/146"}],"wp:attachment":[{"href":"https:\/\/scsonline.ca\/fr\/wp-json\/wp\/v2\/media?parent=38383"}],"curies":[{"name":"wp","href":"https:\/\/api.w.org\/{rel}","templated":true}]}}