{"id":37713,"date":"2024-05-14T13:57:48","date_gmt":"2024-05-14T17:57:48","guid":{"rendered":"https:\/\/scsonline.ca\/?page_id=37713"},"modified":"2024-05-15T07:18:31","modified_gmt":"2024-05-15T11:18:31","slug":"roommates-to-independence","status":"publish","type":"page","link":"https:\/\/scsonline.ca\/fr\/services\/dsoer\/housing-navigation\/roommates-to-independence\/","title":{"rendered":"Colocataires vers l&#8217;ind\u00e9pendance"},"content":{"rendered":"<h1>Colocataires vers l&#8217;ind\u00e9pendance<\/h1>\n<div style=\"width: 1280px;\" class=\"wp-video\"><video class=\"wp-video-shortcode\" id=\"video-37713-2\" width=\"1280\" height=\"720\" poster=\"https:\/\/scsonline.ca\/wp-content\/uploads\/2024\/05\/Roommates-web.jpg\" preload=\"metadata\" controls=\"controls\"><source type=\"video\/mp4\" src=\"https:\/\/scsonline.ca\/wp-content\/uploads\/2024\/05\/Colocataires-vers-lindependance_web.mp4?_=2\" \/><a href=\"https:\/\/scsonline.ca\/wp-content\/uploads\/2024\/05\/Colocataires-vers-lindependance_web.mp4\">https:\/\/scsonline.ca\/wp-content\/uploads\/2024\/05\/Colocataires-vers-lindependance_web.mp4<\/a><\/video><\/div>\n<div class=\"su-spacer\" style=\"height:20px\"><\/div>\nLes navigatrices en mati\u00e8re de logement ont rencontr\u00e9 Alexa et Kelly. Ces deux femmes ont emm\u00e9nag\u00e9 dans un nouveau b\u00e2timent \u00e0 Ottawa, il y a quelques mois apr\u00e8s avoir v\u00e9cu ensemble pendant 10 ans comme colocataires dans une maison cr\u00e9\u00e9e par leurs parents. L\u2019option d\u2019emm\u00e9nager dans ce nouvel immeuble a \u00e9t\u00e9 rendue possible par la ville d\u2019Ottawa et La Soci\u00e9t\u00e9 de logement communautaire d\u2019Ottawa, qui a donn\u00e9 la priorit\u00e9 \u00e0 dix personnes ayant une d\u00e9ficience intellectuelle \u00e9ligibles d\u2019avoir l\u2019opportunit\u00e9 de signer leur propre bail et de vivre dans ce magnifique immeuble neuf. <\/p>\n<p>Regardez la vid\u00e9o pour savoir comment Kelly et Alexa se sont rencontr\u00e9es et recevoir des conseils pour avoir un excellent colocataire.","protected":false},"excerpt":{"rendered":"<p>Colocataires vers l&#8217;ind\u00e9pendance Les navigatrices en mati\u00e8re de logement ont rencontr\u00e9 Alexa et Kelly. Ces deux femmes ont emm\u00e9nag\u00e9 dans un nouveau b\u00e2timent \u00e0 Ottawa, il y a quelques mois apr\u00e8s avoir v\u00e9cu ensemble pendant 10 ans comme colocataires dans une maison cr\u00e9\u00e9e par leurs parents. L\u2019option d\u2019emm\u00e9nager dans ce nouvel immeuble a \u00e9t\u00e9 rendue &hellip; <a href=\"https:\/\/scsonline.ca\/fr\/services\/dsoer\/housing-navigation\/roommates-to-independence\/\" class=\"more-link\">Continuer la lecture de <span class=\"screen-reader-text\">Colocataires vers l&#8217;ind\u00e9pendance<\/span> <span class=\"meta-nav\">&rarr;<\/span><\/a><\/p>\n","protected":false},"author":14,"featured_media":0,"parent":34838,"menu_order":0,"comment_status":"closed","ping_status":"closed","template":"","meta":{"om_disable_all_campaigns":false,"_monsterinsights_skip_tracking":false,"_monsterinsights_sitenote_active":false,"_monsterinsights_sitenote_note":"","_monsterinsights_sitenote_category":0,"_uf_show_specific_survey":0,"_uf_disable_surveys":false,"footnotes":""},"class_list":["post-37713","page","type-page","status-publish","hentry"],"_links":{"self":[{"href":"https:\/\/scsonline.ca\/fr\/wp-json\/wp\/v2\/pages\/37713","targetHints":{"allow":["GET"]}}],"collection":[{"href":"https:\/\/scsonline.ca\/fr\/wp-json\/wp\/v2\/pages"}],"about":[{"href":"https:\/\/scsonline.ca\/fr\/wp-json\/wp\/v2\/types\/page"}],"author":[{"embeddable":true,"href":"https:\/\/scsonline.ca\/fr\/wp-json\/wp\/v2\/users\/14"}],"replies":[{"embeddable":true,"href":"https:\/\/scsonline.ca\/fr\/wp-json\/wp\/v2\/comments?post=37713"}],"version-history":[{"count":6,"href":"https:\/\/scsonline.ca\/fr\/wp-json\/wp\/v2\/pages\/37713\/revisions"}],"predecessor-version":[{"id":37721,"href":"https:\/\/scsonline.ca\/fr\/wp-json\/wp\/v2\/pages\/37713\/revisions\/37721"}],"up":[{"embeddable":true,"href":"https:\/\/scsonline.ca\/fr\/wp-json\/wp\/v2\/pages\/34838"}],"wp:attachment":[{"href":"https:\/\/scsonline.ca\/fr\/wp-json\/wp\/v2\/media?parent=37713"}],"curies":[{"name":"wp","href":"https:\/\/api.w.org\/{rel}","templated":true}]}}