{"id":35836,"date":"2023-08-04T14:08:12","date_gmt":"2023-08-04T18:08:12","guid":{"rendered":"https:\/\/scsonline.ca\/?page_id=35836"},"modified":"2023-11-24T13:30:54","modified_gmt":"2023-11-24T18:30:54","slug":"belal-abdo","status":"publish","type":"page","link":"https:\/\/scsonline.ca\/fr\/about-us\/board-of-directors\/belal-abdo\/","title":{"rendered":"Belal Abdo"},"content":{"rendered":"<h1>Belal Abdo<\/h1>\n<p><strong>Membre du Conseil d\u2019administration de SCS depuis 2023<\/strong><\/p>\n<p>Belal est un professionnel de la finance accompli qui poss\u00e8de plus de 15 ans d\u2019exp\u00e9rience, avec une riche histoire de travail dans des organisations locales et internationales. Soutenu par un MBA, un baccalaur\u00e9at en comptabilit\u00e9 et des certifications de l\u2019Institut international des auditeurs internes, il a d\u00e9montr\u00e9 son expertise en mati\u00e8re de budg\u00e9tisation, de gestion des risques, de conformit\u00e9 et de syst\u00e8mes financiers. Parmi les faits saillants de sa carri\u00e8re figurent des mandats importants au Fonds des Nations Unies pour l\u2019enfance (UNICEF), \u00e0 Nutrition International et au Centre de sant\u00e9 communautaire Pinecrest-Queensway.<\/p>\n<p>Connu pour son adaptabilit\u00e9 et son sens aigu de la strat\u00e9gie, Belal est reconnu comme une personne-ressource en gestion des risques, conformit\u00e9 et planification financi\u00e8re. Sa ma\u00eetrise des principaux logiciels financiers fait de lui un atout polyvalent capable de naviguer dans des syst\u00e8mes financiers complexes et de g\u00e9rer les risques.<br \/>","protected":false},"excerpt":{"rendered":"<p>Belal Abdo Membre du Conseil d\u2019administration de SCS depuis 2023 Belal est un professionnel de la finance accompli qui poss\u00e8de plus de 15 ans d\u2019exp\u00e9rience, avec une riche histoire de travail dans des organisations locales et internationales. Soutenu par un MBA, un baccalaur\u00e9at en comptabilit\u00e9 et des certifications de l\u2019Institut international des auditeurs internes, il &hellip; <a href=\"https:\/\/scsonline.ca\/fr\/about-us\/board-of-directors\/belal-abdo\/\" class=\"more-link\">Continuer la lecture de <span class=\"screen-reader-text\">Belal Abdo<\/span> <span class=\"meta-nav\">&rarr;<\/span><\/a><\/p>\n","protected":false},"author":14,"featured_media":0,"parent":146,"menu_order":0,"comment_status":"closed","ping_status":"closed","template":"","meta":{"om_disable_all_campaigns":false,"_monsterinsights_skip_tracking":false,"_monsterinsights_sitenote_active":false,"_monsterinsights_sitenote_note":"","_monsterinsights_sitenote_category":0,"_uf_show_specific_survey":0,"_uf_disable_surveys":false,"footnotes":""},"class_list":["post-35836","page","type-page","status-publish","hentry"],"_links":{"self":[{"href":"https:\/\/scsonline.ca\/fr\/wp-json\/wp\/v2\/pages\/35836","targetHints":{"allow":["GET"]}}],"collection":[{"href":"https:\/\/scsonline.ca\/fr\/wp-json\/wp\/v2\/pages"}],"about":[{"href":"https:\/\/scsonline.ca\/fr\/wp-json\/wp\/v2\/types\/page"}],"author":[{"embeddable":true,"href":"https:\/\/scsonline.ca\/fr\/wp-json\/wp\/v2\/users\/14"}],"replies":[{"embeddable":true,"href":"https:\/\/scsonline.ca\/fr\/wp-json\/wp\/v2\/comments?post=35836"}],"version-history":[{"count":5,"href":"https:\/\/scsonline.ca\/fr\/wp-json\/wp\/v2\/pages\/35836\/revisions"}],"predecessor-version":[{"id":36506,"href":"https:\/\/scsonline.ca\/fr\/wp-json\/wp\/v2\/pages\/35836\/revisions\/36506"}],"up":[{"embeddable":true,"href":"https:\/\/scsonline.ca\/fr\/wp-json\/wp\/v2\/pages\/146"}],"wp:attachment":[{"href":"https:\/\/scsonline.ca\/fr\/wp-json\/wp\/v2\/media?parent=35836"}],"curies":[{"name":"wp","href":"https:\/\/api.w.org\/{rel}","templated":true}]}}