{"id":35712,"date":"2023-07-06T08:47:29","date_gmt":"2023-07-06T12:47:29","guid":{"rendered":"https:\/\/scsonline.ca\/?page_id=35712"},"modified":"2025-10-01T11:40:22","modified_gmt":"2025-10-01T15:40:22","slug":"resource-room","status":"publish","type":"page","link":"https:\/\/scsonline.ca\/fr\/services\/resource-room\/","title":{"rendered":"Salle de ressources \u00e0 SCS"},"content":{"rendered":"<h1>Salle de ressources \u00e0 SCS et Acc\u00e8sPOSA<\/h1>\n<p>Si vous n\u2019avez pas de gestionnaire de cas assign\u00e9 \u00e0 SCS, vous pouvez recevoir de l\u2019aide par l\u2019interm\u00e9diaire de notre salle de ressources en prenant rendez-vous en ligne \u00e0 l\u2019adresse <a href=\"https:\/\/scsonline.ca\/rendez-vous\" target=\"_blank\" rel=\"noopener\">scsonline.ca\/rendez-vous<\/a>. Nous vous demanderons de s\u00e9lectionner un service et de fournir des renseignements sur l\u2019aide que vous recherchez, ce qui nous aidera \u00e0 pr\u00e9parer votre rendez-vous.<\/p>\n<p>Veuillez ne pas prendre plus d&#8217;un rendez-vous par jour. Si des rendez-vous suppl\u00e9mentaires sont n\u00e9cessaires, ils seront planifi\u00e9s s\u00e9par\u00e9ment.<\/p>\n<p>Les s\u00e9ances <a class=\"esd-target-element\" href=\"https:\/\/accessoap.ca\/\" data-cke-saved-href=\"https:\/\/accessoap.ca\/\">Acc\u00e8sPOSA\u00a0<\/a><a href=\"https:\/\/accessoap.ca\/fr\/\">\u00a0(Programme ontarien des services en mati\u00e8re d\u2019autisme) <\/a>seront offertes en cr\u00e9neaux d\u2019une heure, le premier mercredi de chaque mois d\u00e8s le<b> 5 novembre 2025<\/b>. Pendant ces s\u00e9ances, les familles pourront recevoir l\u2019aide d\u2019un coordonnateur de soins d\u2019Acc\u00e8sPOSA pour faire leur inscription, recevoir des informations sur le programme ou soumettre leurs factures pendant leur rendez-vous.<\/p>\n<p>Les enfants n\u2019ont pas besoin d\u2019\u00eatre inscrits aupr\u00e8s de SCS pour avoir acc\u00e8s \u00e0 ce soutien, mais doivent r\u00e9pondre aux crit\u00e8res suivants :<\/p>\n<ul>\n<li>Avoir moins de 18 ans;<\/li>\n<li>R\u00e9sider actuellement en Ontario;<\/li>\n<li>Avoir re\u00e7u (par \u00e9crit) un diagnostic de trouble du spectre de l\u2019autisme (TSA) \u00e9tabli par un professionnel qualifi\u00e9, dont un m\u00e9decin, un psychologue, une infirmi\u00e8re praticienne ou un centre de diagnostic financ\u00e9 par le minist\u00e8re.<\/li>\n<\/ul>\n<p><b>\u00c0 noter :\u00a0<\/b>Une preuve d\u2019\u00e2ge (certificat de naissance, preuve de naissance vivante, passeport valide ou carte de r\u00e9sident permanent valide), de r\u00e9sidence (bulletin scolaire, permis de conduire ou carte d\u2019identit\u00e9 du principal aidant, ou un article de courrier), ainsi qu\u2019une preuve de diagnostic sont exig\u00e9es lors de votre premi\u00e8re s\u00e9ance d\u2019Acc\u00e8sPOSA.<\/p>\n<div style=\"margin-bottom: -20px;\">\n<h2>Important:<\/h2>\n<\/div>\n<ul>\n<li><strong>Les comportements agressifs, qu&#8217;ils soient physiques ou verbaux, ne seront pas tol\u00e9r\u00e9s. Il vous sera demand\u00e9 de quitter notre bureau.<\/strong><\/li>\n<li><strong>Soyez attentif aux odeurs : r\u00e9duisez l&#8217;utilisation de parfums et de produits parfum\u00e9s.<\/strong><\/li>\n<\/ul>\n<div class=\"su-spacer\" style=\"height:20px\"><\/div>\n<div class=\"su-button-center\"><a href=\"https:\/\/outlook.office365.com\/book\/Rendezvousderservationenpersonne@scsonline.ca\/\" class=\"su-button su-button-style-glass su-button-wide\" style=\"color:#FFFFFF;background-color:#000000;border-color:#000000;border-radius:18px\" target=\"_blank\" rel=\"noopener noreferrer\"><span style=\"color:#FFFFFF;padding:0px 42px;font-size:30px;line-height:60px;border-color:#4d4d4d;border-radius:18px;text-shadow:none\"> Prendre un rendez-vous<\/span><\/a><\/div>\n<p><img loading=\"lazy\" decoding=\"async\" class=\"alignnone size-full wp-image-38988\" src=\"https:\/\/scsonline.ca\/wp-content\/uploads\/2024\/10\/Banner_Resource-Room_Web.jpg\" alt=\"Photo de la salle de ressources \u00e0 SCS\" width=\"1208\" height=\"671\" srcset=\"https:\/\/scsonline.ca\/wp-content\/uploads\/2024\/10\/Banner_Resource-Room_Web.jpg 1208w, https:\/\/scsonline.ca\/wp-content\/uploads\/2024\/10\/Banner_Resource-Room_Web-300x167.jpg 300w, https:\/\/scsonline.ca\/wp-content\/uploads\/2024\/10\/Banner_Resource-Room_Web-1024x569.jpg 1024w, https:\/\/scsonline.ca\/wp-content\/uploads\/2024\/10\/Banner_Resource-Room_Web-768x427.jpg 768w\" sizes=\"auto, (max-width: 1208px) 100vw, 1208px\" \/>","protected":false},"excerpt":{"rendered":"<p>Salle de ressources \u00e0 SCS et Acc\u00e8sPOSA Si vous n\u2019avez pas de gestionnaire de cas assign\u00e9 \u00e0 SCS, vous pouvez recevoir de l\u2019aide par l\u2019interm\u00e9diaire de notre salle de ressources en prenant rendez-vous en ligne \u00e0 l\u2019adresse scsonline.ca\/rendez-vous. Nous vous demanderons de s\u00e9lectionner un service et de fournir des renseignements sur l\u2019aide que vous recherchez, &hellip; <a href=\"https:\/\/scsonline.ca\/fr\/services\/resource-room\/\" class=\"more-link\">Continuer la lecture de <span class=\"screen-reader-text\">Salle de ressources \u00e0 SCS<\/span> <span class=\"meta-nav\">&rarr;<\/span><\/a><\/p>\n","protected":false},"author":14,"featured_media":0,"parent":106,"menu_order":0,"comment_status":"closed","ping_status":"closed","template":"","meta":{"om_disable_all_campaigns":false,"_monsterinsights_skip_tracking":false,"_monsterinsights_sitenote_active":false,"_monsterinsights_sitenote_note":"","_monsterinsights_sitenote_category":0,"_uf_show_specific_survey":0,"_uf_disable_surveys":false,"footnotes":""},"class_list":["post-35712","page","type-page","status-publish","hentry"],"_links":{"self":[{"href":"https:\/\/scsonline.ca\/fr\/wp-json\/wp\/v2\/pages\/35712","targetHints":{"allow":["GET"]}}],"collection":[{"href":"https:\/\/scsonline.ca\/fr\/wp-json\/wp\/v2\/pages"}],"about":[{"href":"https:\/\/scsonline.ca\/fr\/wp-json\/wp\/v2\/types\/page"}],"author":[{"embeddable":true,"href":"https:\/\/scsonline.ca\/fr\/wp-json\/wp\/v2\/users\/14"}],"replies":[{"embeddable":true,"href":"https:\/\/scsonline.ca\/fr\/wp-json\/wp\/v2\/comments?post=35712"}],"version-history":[{"count":57,"href":"https:\/\/scsonline.ca\/fr\/wp-json\/wp\/v2\/pages\/35712\/revisions"}],"predecessor-version":[{"id":40638,"href":"https:\/\/scsonline.ca\/fr\/wp-json\/wp\/v2\/pages\/35712\/revisions\/40638"}],"up":[{"embeddable":true,"href":"https:\/\/scsonline.ca\/fr\/wp-json\/wp\/v2\/pages\/106"}],"wp:attachment":[{"href":"https:\/\/scsonline.ca\/fr\/wp-json\/wp\/v2\/media?parent=35712"}],"curies":[{"name":"wp","href":"https:\/\/api.w.org\/{rel}","templated":true}]}}