{"id":32694,"date":"2022-03-15T11:19:40","date_gmt":"2022-03-15T15:19:40","guid":{"rendered":"https:\/\/scsonline.ca\/?page_id=32694"},"modified":"2024-11-29T12:37:18","modified_gmt":"2024-11-29T17:37:18","slug":"my-portal","status":"publish","type":"page","link":"https:\/\/scsonline.ca\/fr\/my-portal\/","title":{"rendered":"Mon portail"},"content":{"rendered":"<h1>Portail client<\/h1>\n<p>Le portail client a \u00e9t\u00e9 lanc\u00e9 en tant que projet pilote et a permis \u00e0 SCS d\u2019obtenir les renseignements n\u00e9cessaires \u00e0 la cr\u00e9ation d\u2019un portail client r\u00e9pondant \u00e0 vos besoins.<\/p>\n<p>Apr\u00e8s un examen approfondi, nous avons d\u00e9cid\u00e9 de fermer notre portail client existant \u00e0 compter du 29 novembre 2024.<\/p>\n<p>Cette d\u00e9cision n\u2019a pas \u00e9t\u00e9 prise \u00e0 la l\u00e9g\u00e8re et nous comprenons qu\u2019elle puisse causer quelques d\u00e9sagr\u00e9ments.<\/p>\n<p>Cependant, elle s\u2019inscrit dans le cadre de nos efforts continus pour am\u00e9liorer nos services et vous offrir la meilleure exp\u00e9rience possible.<\/p>\n<p><strong>Pour plus de renseignements<\/strong><br \/>\ncontactez-nous: 613-748-1788<br \/>\nFactures et paiements: <a href=\"mailto:accountspayable@scsonline.ca\">accountspayable@scsonline.ca<\/a><br \/>\nRenseignements g\u00e9n\u00e9raux: <a href=\"mailto:Admin@sconline.ca\">Admin@sconline.ca<\/a><\/p>\n<p>Restez inform\u00e9: Nous travaillons sur des nouvelles m\u00e9thodes am\u00e9lior\u00e9es pour mieux vous servir. Ne manquez pas les mises \u00e0 jour sur nos prochains services et fonctionnalit\u00e9s.<\/p>\n<p>Nous vous remercions de votre compr\u00e9hension et de votre coop\u00e9ration pendant cette transition. Votre satisfaction est notre priorit\u00e9 absolue et nous nous engageons \u00e0 faire en sorte que ce processus se d\u00e9roule le mieux possible.<\/p>\n<p>Nous vous remercions de votre soutien continu.","protected":false},"excerpt":{"rendered":"<p>Portail client Le portail client a \u00e9t\u00e9 lanc\u00e9 en tant que projet pilote et a permis \u00e0 SCS d\u2019obtenir les renseignements n\u00e9cessaires \u00e0 la cr\u00e9ation d\u2019un portail client r\u00e9pondant \u00e0 vos besoins. Apr\u00e8s un examen approfondi, nous avons d\u00e9cid\u00e9 de fermer notre portail client existant \u00e0 compter du 29 novembre 2024. Cette d\u00e9cision n\u2019a pas &hellip; <a href=\"https:\/\/scsonline.ca\/fr\/my-portal\/\" class=\"more-link\">Continuer la lecture de <span class=\"screen-reader-text\">Mon portail<\/span> <span class=\"meta-nav\">&rarr;<\/span><\/a><\/p>\n","protected":false},"author":14,"featured_media":0,"parent":0,"menu_order":0,"comment_status":"closed","ping_status":"closed","template":"","meta":{"om_disable_all_campaigns":false,"_monsterinsights_skip_tracking":false,"_monsterinsights_sitenote_active":false,"_monsterinsights_sitenote_note":"","_monsterinsights_sitenote_category":0,"_uf_show_specific_survey":0,"_uf_disable_surveys":false,"footnotes":""},"class_list":["post-32694","page","type-page","status-publish","hentry"],"_links":{"self":[{"href":"https:\/\/scsonline.ca\/fr\/wp-json\/wp\/v2\/pages\/32694","targetHints":{"allow":["GET"]}}],"collection":[{"href":"https:\/\/scsonline.ca\/fr\/wp-json\/wp\/v2\/pages"}],"about":[{"href":"https:\/\/scsonline.ca\/fr\/wp-json\/wp\/v2\/types\/page"}],"author":[{"embeddable":true,"href":"https:\/\/scsonline.ca\/fr\/wp-json\/wp\/v2\/users\/14"}],"replies":[{"embeddable":true,"href":"https:\/\/scsonline.ca\/fr\/wp-json\/wp\/v2\/comments?post=32694"}],"version-history":[{"count":8,"href":"https:\/\/scsonline.ca\/fr\/wp-json\/wp\/v2\/pages\/32694\/revisions"}],"predecessor-version":[{"id":39306,"href":"https:\/\/scsonline.ca\/fr\/wp-json\/wp\/v2\/pages\/32694\/revisions\/39306"}],"wp:attachment":[{"href":"https:\/\/scsonline.ca\/fr\/wp-json\/wp\/v2\/media?parent=32694"}],"curies":[{"name":"wp","href":"https:\/\/api.w.org\/{rel}","templated":true}]}}