{"id":29868,"date":"2021-07-20T07:35:51","date_gmt":"2021-07-20T15:35:51","guid":{"rendered":"https:\/\/scsonline.ca\/?page_id=29868"},"modified":"2021-07-20T07:36:39","modified_gmt":"2021-07-20T15:36:39","slug":"jennifer-ellis","status":"publish","type":"page","link":"https:\/\/scsonline.ca\/fr\/about-us\/board-of-directors\/jennifer-ellis\/","title":{"rendered":"Jennifer Ellis"},"content":{"rendered":"<h1>Jennifer Ellis<\/h1>\n<p><strong>Membre du Conseil d\u2019administration de SCS depuis 2021<\/strong><\/p>\n<p>Jennifer Ellis, inf. aut., Ph. D., est directrice de la qualit\u00e9 et de la s\u00e9curit\u00e9 au CHEO, o\u00f9 elle supervise la s\u00e9curit\u00e9, les risques cliniques, l\u2019exp\u00e9rience des patients, la pr\u00e9vention et le contr\u00f4le des infections et les services environnementaux. Jennifer est une administratrice chevronn\u00e9e qui a travaill\u00e9 dans les domaines des soins de sant\u00e9, des politiques, de la recherche et de l\u2019am\u00e9lioration de la qualit\u00e9. Jennifer est infirmi\u00e8re autoris\u00e9e et titulaire d\u2019un doctorat en sciences infirmi\u00e8res, un dipl\u00f4me d\u2019\u00e9tudes sup\u00e9rieures en politique et recherche en mati\u00e8re de sant\u00e9 et un certificat d\u2019\u00e9tudes sup\u00e9rieures en droit de la sant\u00e9. Elle poss\u00e8de une expertise en s\u00e9curit\u00e9, gouvernance, am\u00e9lioration de la qualit\u00e9, gestion des risques et politique de sant\u00e9. Elle pr\u00f4ne une exp\u00e9rience client fantastique et des services de sant\u00e9 de haute qualit\u00e9 que \u00ab nous voulons tous pour nos proches \u00bb. Jennifer est la m\u00e8re d\u2019un jeune ayant des besoins complexes et vit \u00e0 Ottawa avec son mari et ses trois enfants.","protected":false},"excerpt":{"rendered":"<p>Jennifer Ellis Membre du Conseil d\u2019administration de SCS depuis 2021 Jennifer Ellis, inf. aut., Ph. D., est directrice de la qualit\u00e9 et de la s\u00e9curit\u00e9 au CHEO, o\u00f9 elle supervise la s\u00e9curit\u00e9, les risques cliniques, l\u2019exp\u00e9rience des patients, la pr\u00e9vention et le contr\u00f4le des infections et les services environnementaux. Jennifer est une administratrice chevronn\u00e9e qui &hellip; <a href=\"https:\/\/scsonline.ca\/fr\/about-us\/board-of-directors\/jennifer-ellis\/\" class=\"more-link\">Continuer la lecture de <span class=\"screen-reader-text\">Jennifer Ellis<\/span> <span class=\"meta-nav\">&rarr;<\/span><\/a><\/p>\n","protected":false},"author":14,"featured_media":0,"parent":146,"menu_order":0,"comment_status":"closed","ping_status":"closed","template":"","meta":{"om_disable_all_campaigns":false,"_monsterinsights_skip_tracking":false,"_monsterinsights_sitenote_active":false,"_monsterinsights_sitenote_note":"","_monsterinsights_sitenote_category":0,"_uf_show_specific_survey":0,"_uf_disable_surveys":false,"footnotes":""},"class_list":["post-29868","page","type-page","status-publish","hentry"],"_links":{"self":[{"href":"https:\/\/scsonline.ca\/fr\/wp-json\/wp\/v2\/pages\/29868","targetHints":{"allow":["GET"]}}],"collection":[{"href":"https:\/\/scsonline.ca\/fr\/wp-json\/wp\/v2\/pages"}],"about":[{"href":"https:\/\/scsonline.ca\/fr\/wp-json\/wp\/v2\/types\/page"}],"author":[{"embeddable":true,"href":"https:\/\/scsonline.ca\/fr\/wp-json\/wp\/v2\/users\/14"}],"replies":[{"embeddable":true,"href":"https:\/\/scsonline.ca\/fr\/wp-json\/wp\/v2\/comments?post=29868"}],"version-history":[{"count":2,"href":"https:\/\/scsonline.ca\/fr\/wp-json\/wp\/v2\/pages\/29868\/revisions"}],"predecessor-version":[{"id":29870,"href":"https:\/\/scsonline.ca\/fr\/wp-json\/wp\/v2\/pages\/29868\/revisions\/29870"}],"up":[{"embeddable":true,"href":"https:\/\/scsonline.ca\/fr\/wp-json\/wp\/v2\/pages\/146"}],"wp:attachment":[{"href":"https:\/\/scsonline.ca\/fr\/wp-json\/wp\/v2\/media?parent=29868"}],"curies":[{"name":"wp","href":"https:\/\/api.w.org\/{rel}","templated":true}]}}