{"id":29429,"date":"2021-05-11T09:54:34","date_gmt":"2021-05-11T17:54:34","guid":{"rendered":"https:\/\/scsonline.ca\/?page_id=29429"},"modified":"2023-11-17T09:37:34","modified_gmt":"2023-11-17T14:37:34","slug":"respiteservices-com-instructional-videos","status":"publish","type":"page","link":"https:\/\/scsonline.ca\/fr\/instructional-videos\/respiteservices-com-instructional-videos\/","title":{"rendered":"respiteservices.com \u00e0 Ottawa &#8211; Vid\u00e9os d&#8217;instructions"},"content":{"rendered":"<h1>Comment trouver ou devenir un fournisseur de soutien de r\u00e9pit avec respiteservices.com \u00e0 Ottawa<\/h1>\n<p><strong>Vid\u00e9o d&#8217;instruction sur comment trouver ou devenir un fournisseur de soutien de r\u00e9pit avec respiteservices.com \u00e0 Ottawa.<\/strong><\/p>\n<p>respiteservices.com \u00e0 Ottawa est h\u00e9berg\u00e9 par SCS. C\u2019est un portail s\u00e9curis\u00e9 qui aide \u00e0 vous mettre en contact avec des fournisseurs de soutien de r\u00e9pit qui peuvent vous offrir des services de r\u00e9pit. Le site est disponible aux enfants et adultes ayant une d\u00e9ficience intellectuelle ou l\u2019autisme \u00e0 Ottawa.<\/p>\n<p><strong>Comment les familles peuvent-elles s&#8217;inscrire \u00e0 respiteservices.com \u00e0 Ottawa<\/strong><br \/>\n<iframe loading=\"lazy\"  width=\"100%\" height=\"400\" src=\"https:\/\/www.youtube.com\/embed\/oOH426ATkIY\" title=\"YouTube video player\" frameborder=\"0\" allow=\"accelerometer; autoplay; clipboard-write; encrypted-media; gyroscope; picture-in-picture\" allowfullscreen><\/iframe><\/p>\n<p>Cliquez sur ce lien pour d\u00e9buter votre inscription et trouver un fournisseur de soutien de r\u00e9pit:<br \/>\n<a href=\"https:\/\/www.respiteservices.com\/Ottawa\/index.aspx?CategoryID=822&#038;lang=fr-CA\" rel=\"noopener noreferrer\" target=\"_blank\">https:\/\/www.respiteservices.com\/Ottawa\/index.aspx?CategoryID=822&#038;lang=fr-CA<\/a><\/p>\n<hr>\n<p><strong>Comment devenir un fournisseur de soutien de r\u00e9pit<\/strong><br \/>\n<iframe loading=\"lazy\"  width=\"100%\" height=\"400\" src=\"https:\/\/www.youtube.com\/embed\/dByvUSheqQ4\" title=\"YouTube video player\" frameborder=\"0\" allow=\"accelerometer; autoplay; clipboard-write; encrypted-media; gyroscope; picture-in-picture\" allowfullscreen><\/iframe><\/p>\n<p>Cliquez sur ce lien pour d\u00e9buter votre inscription et devenir un fournisseur de soutien de r\u00e9pit:<br \/>\n<a href=\"https:\/\/www.respiteservices.com\/Ottawa\/index.aspx?ArticleID=1369&#038;lang=fr-CA\" rel=\"noopener noreferrer\" target=\"_blank\">https:\/\/www.respiteservices.com\/Ottawa\/index.aspx?ArticleID=1369&#038;lang=fr-CA<\/a>","protected":false},"excerpt":{"rendered":"<p>Comment trouver ou devenir un fournisseur de soutien de r\u00e9pit avec respiteservices.com \u00e0 Ottawa Vid\u00e9o d&#8217;instruction sur comment trouver ou devenir un fournisseur de soutien de r\u00e9pit avec respiteservices.com \u00e0 Ottawa. respiteservices.com \u00e0 Ottawa est h\u00e9berg\u00e9 par SCS. C\u2019est un portail s\u00e9curis\u00e9 qui aide \u00e0 vous mettre en contact avec des fournisseurs de soutien de &hellip; <a href=\"https:\/\/scsonline.ca\/fr\/instructional-videos\/respiteservices-com-instructional-videos\/\" class=\"more-link\">Continuer la lecture de <span class=\"screen-reader-text\">respiteservices.com \u00e0 Ottawa &#8211; Vid\u00e9os d&#8217;instructions<\/span> <span class=\"meta-nav\">&rarr;<\/span><\/a><\/p>\n","protected":false},"author":14,"featured_media":0,"parent":27744,"menu_order":3,"comment_status":"closed","ping_status":"closed","template":"","meta":{"om_disable_all_campaigns":false,"_monsterinsights_skip_tracking":false,"_monsterinsights_sitenote_active":false,"_monsterinsights_sitenote_note":"","_monsterinsights_sitenote_category":0,"_uf_show_specific_survey":0,"_uf_disable_surveys":false,"footnotes":""},"class_list":["post-29429","page","type-page","status-publish","hentry"],"_links":{"self":[{"href":"https:\/\/scsonline.ca\/fr\/wp-json\/wp\/v2\/pages\/29429","targetHints":{"allow":["GET"]}}],"collection":[{"href":"https:\/\/scsonline.ca\/fr\/wp-json\/wp\/v2\/pages"}],"about":[{"href":"https:\/\/scsonline.ca\/fr\/wp-json\/wp\/v2\/types\/page"}],"author":[{"embeddable":true,"href":"https:\/\/scsonline.ca\/fr\/wp-json\/wp\/v2\/users\/14"}],"replies":[{"embeddable":true,"href":"https:\/\/scsonline.ca\/fr\/wp-json\/wp\/v2\/comments?post=29429"}],"version-history":[{"count":10,"href":"https:\/\/scsonline.ca\/fr\/wp-json\/wp\/v2\/pages\/29429\/revisions"}],"predecessor-version":[{"id":36451,"href":"https:\/\/scsonline.ca\/fr\/wp-json\/wp\/v2\/pages\/29429\/revisions\/36451"}],"up":[{"embeddable":true,"href":"https:\/\/scsonline.ca\/fr\/wp-json\/wp\/v2\/pages\/27744"}],"wp:attachment":[{"href":"https:\/\/scsonline.ca\/fr\/wp-json\/wp\/v2\/media?parent=29429"}],"curies":[{"name":"wp","href":"https:\/\/api.w.org\/{rel}","templated":true}]}}