{"id":26664,"date":"2019-11-13T19:18:32","date_gmt":"2019-11-13T19:18:32","guid":{"rendered":"https:\/\/scsonline.ca\/?page_id=26664"},"modified":"2023-12-04T14:27:43","modified_gmt":"2023-12-04T19:27:43","slug":"community-options-for-adults","status":"publish","type":"page","link":"https:\/\/scsonline.ca\/fr\/community-options-for-adults\/","title":{"rendered":"Guide d\u2019options communautaires pour les adultes"},"content":{"rendered":"<h1>Guide d\u2019options communautaires pour les adultes<\/h1>\n<p><img decoding=\"async\" class=\"alignnone size-full wp-image-26647\" src=\"https:\/\/scsonline.ca\/wp-content\/uploads\/2019\/11\/COG-web-banner.png\" alt=\"Banni\u00e8re du Guide d\u2019options communautaires pour les adultes\" width=\"100%\" \/><\/p>\n<p>Notre Guide d\u2019options communautaires pour les adultes est destin\u00e9 \u00e0 vous aider \u00e0 trouver des services et des ressources dans votre communaut\u00e9 qui r\u00e9pondent \u00e0 vos besoins particuliers. <\/p>\n<p>Veuillez noter que nous ne mettons plus \u00e0 jour le Guide d&#8217;options communautaires pour les adultes. Nous vous encourageons \u00e0 utiliser <a href=\"https:\/\/search.scsonline.ca\/rechercher\/\" rel=\"noopener\" target=\"_blank\">Mon outil de recherche<\/a> \u00e0 la place.<\/p>\n<p><strong>Mon outil de recherche<\/strong><\/p>\n<p><a href=\"https:\/\/search.scsonline.ca\/rechercher\/\" rel=\"noopener\" target=\"_blank\"><img loading=\"lazy\" decoding=\"async\" src=\"https:\/\/scsonline.ca\/wp-content\/uploads\/2021\/04\/Search-tools-icon_Web.png\" alt=\"\" width=\"100\" height=\"100\" class=\"alignnone size-full wp-image-29273\" srcset=\"https:\/\/scsonline.ca\/wp-content\/uploads\/2021\/04\/Search-tools-icon_Web.png 500w, https:\/\/scsonline.ca\/wp-content\/uploads\/2021\/04\/Search-tools-icon_Web-300x300.png 300w, https:\/\/scsonline.ca\/wp-content\/uploads\/2021\/04\/Search-tools-icon_Web-150x150.png 150w\" sizes=\"auto, (max-width: 100px) 100vw, 100px\" \/><\/a><\/p>\n<p><a href=\"https:\/\/search.scsonline.ca\/rechercher\/\" rel=\"noopener\" target=\"_blank\">Mon outil de recherche<\/a> est une biblioth\u00e8que en ligne de ressources et de services disponibles dans votre r\u00e9gion pour les enfants et les adultes ayant une d\u00e9ficience intellectuelle ou un trouble du spectre de l\u2019autisme. Vous pouvez effectuer une recherche par sujet, endroit, \u00e2ge ou distance par rapport \u00e0 votre lieu de r\u00e9sidence.","protected":false},"excerpt":{"rendered":"<p>Guide d\u2019options communautaires pour les adultes Notre Guide d\u2019options communautaires pour les adultes est destin\u00e9 \u00e0 vous aider \u00e0 trouver des services et des ressources dans votre communaut\u00e9 qui r\u00e9pondent \u00e0 vos besoins particuliers. Veuillez noter que nous ne mettons plus \u00e0 jour le Guide d&#8217;options communautaires pour les adultes. Nous vous encourageons \u00e0 utiliser &hellip; <a href=\"https:\/\/scsonline.ca\/fr\/community-options-for-adults\/\" class=\"more-link\">Continuer la lecture de <span class=\"screen-reader-text\">Guide d\u2019options communautaires pour les adultes<\/span> <span class=\"meta-nav\">&rarr;<\/span><\/a><\/p>\n","protected":false},"author":3,"featured_media":0,"parent":0,"menu_order":0,"comment_status":"closed","ping_status":"closed","template":"","meta":{"om_disable_all_campaigns":false,"_monsterinsights_skip_tracking":false,"_monsterinsights_sitenote_active":false,"_monsterinsights_sitenote_note":"","_monsterinsights_sitenote_category":0,"_uf_show_specific_survey":0,"_uf_disable_surveys":false,"footnotes":""},"class_list":["post-26664","page","type-page","status-publish","hentry"],"_links":{"self":[{"href":"https:\/\/scsonline.ca\/fr\/wp-json\/wp\/v2\/pages\/26664","targetHints":{"allow":["GET"]}}],"collection":[{"href":"https:\/\/scsonline.ca\/fr\/wp-json\/wp\/v2\/pages"}],"about":[{"href":"https:\/\/scsonline.ca\/fr\/wp-json\/wp\/v2\/types\/page"}],"author":[{"embeddable":true,"href":"https:\/\/scsonline.ca\/fr\/wp-json\/wp\/v2\/users\/3"}],"replies":[{"embeddable":true,"href":"https:\/\/scsonline.ca\/fr\/wp-json\/wp\/v2\/comments?post=26664"}],"version-history":[{"count":38,"href":"https:\/\/scsonline.ca\/fr\/wp-json\/wp\/v2\/pages\/26664\/revisions"}],"predecessor-version":[{"id":36563,"href":"https:\/\/scsonline.ca\/fr\/wp-json\/wp\/v2\/pages\/26664\/revisions\/36563"}],"wp:attachment":[{"href":"https:\/\/scsonline.ca\/fr\/wp-json\/wp\/v2\/media?parent=26664"}],"curies":[{"name":"wp","href":"https:\/\/api.w.org\/{rel}","templated":true}]}}