{"id":24980,"date":"2018-11-07T20:23:48","date_gmt":"2018-11-07T20:23:48","guid":{"rendered":"https:\/\/scsonline.ca\/?page_id=24980"},"modified":"2019-10-18T16:09:24","modified_gmt":"2019-10-18T16:09:24","slug":"translation-disclaimer","status":"publish","type":"page","link":"https:\/\/scsonline.ca\/fr\/translation-disclaimer\/","title":{"rendered":"Responsabilit\u00e9 concernant la traduction"},"content":{"rendered":"<h3>Limitation de la responsabilit\u00e9 concernant la traduction<\/h3>\n<p>Le site Web de Service Coordination Support (SCS) pour les personnes ayant une d\u00e9ficience intellectuelle et ses pages Web sont cens\u00e9s \u00eatre disponibles dans les deux langues officielles, soit l\u2019anglais et le fran\u00e7ais. Toute traduction du site Web et de ses pages Web dans d\u2019autres langues peut \u00eatre impr\u00e9cise et inexacte en partie ou en totalit\u00e9. Le processus de traduction utilis\u00e9 dans ce site Web pour les langues autres que l\u2019anglais et le fran\u00e7ais est offert par une \u00ab\u00a0traduction automatique\u00a0\u00bb pour votre commodit\u00e9. Il est conseill\u00e9 de parler \u00e0 un interpr\u00e8te culturel d\u2019exp\u00e9rience pour vous permettre d\u2019avoir une traduction pr\u00e9cise et exacte dans votre langue maternelle.<\/p>\n<p>Vous assumez tous les risques et toutes les obligations et responsabilit\u00e9s concernant toute traduction offerte par l\u2019entremise d\u2019une page Web traduite. Bien que des efforts raisonnables soient d\u00e9ploy\u00e9s pour offrir des traductions, aucune obligation et aucune responsabilit\u00e9 ne sont assum\u00e9es par SCS ou Google pour toute erreur, omission ou ambigu\u00eft\u00e9 dans ces traductions ou autres renseignements offerts par la traduction libre de ce site Web. SCS, ses affili\u00e9s et parties associ\u00e9es ne sont pas non plus responsables des pertes ou des dommages de quelque nature que ce soit d\u00e9coulant de votre utilisation de la traduction libre du site Web ou de son contenu, notamment les dommages directs, indirects, accessoires, cons\u00e9cutifs ou exemplaires.","protected":false},"excerpt":{"rendered":"<p>Limitation de la responsabilit\u00e9 concernant la traduction Le site Web de Service Coordination Support (SCS) pour les personnes ayant une d\u00e9ficience intellectuelle et ses pages Web sont cens\u00e9s \u00eatre disponibles dans les deux langues officielles, soit l\u2019anglais et le fran\u00e7ais. Toute traduction du site Web et de ses pages Web dans d\u2019autres langues peut \u00eatre &hellip; <a href=\"https:\/\/scsonline.ca\/fr\/translation-disclaimer\/\" class=\"more-link\">Continuer la lecture de <span class=\"screen-reader-text\">Responsabilit\u00e9 concernant la traduction<\/span> <span class=\"meta-nav\">&rarr;<\/span><\/a><\/p>\n","protected":false},"author":2,"featured_media":0,"parent":0,"menu_order":0,"comment_status":"closed","ping_status":"closed","template":"","meta":{"om_disable_all_campaigns":false,"_monsterinsights_skip_tracking":false,"_monsterinsights_sitenote_active":false,"_monsterinsights_sitenote_note":"","_monsterinsights_sitenote_category":0,"_uf_show_specific_survey":0,"_uf_disable_surveys":false,"footnotes":""},"class_list":["post-24980","page","type-page","status-publish","hentry"],"_links":{"self":[{"href":"https:\/\/scsonline.ca\/fr\/wp-json\/wp\/v2\/pages\/24980","targetHints":{"allow":["GET"]}}],"collection":[{"href":"https:\/\/scsonline.ca\/fr\/wp-json\/wp\/v2\/pages"}],"about":[{"href":"https:\/\/scsonline.ca\/fr\/wp-json\/wp\/v2\/types\/page"}],"author":[{"embeddable":true,"href":"https:\/\/scsonline.ca\/fr\/wp-json\/wp\/v2\/users\/2"}],"replies":[{"embeddable":true,"href":"https:\/\/scsonline.ca\/fr\/wp-json\/wp\/v2\/comments?post=24980"}],"version-history":[{"count":5,"href":"https:\/\/scsonline.ca\/fr\/wp-json\/wp\/v2\/pages\/24980\/revisions"}],"predecessor-version":[{"id":26494,"href":"https:\/\/scsonline.ca\/fr\/wp-json\/wp\/v2\/pages\/24980\/revisions\/26494"}],"wp:attachment":[{"href":"https:\/\/scsonline.ca\/fr\/wp-json\/wp\/v2\/media?parent=24980"}],"curies":[{"name":"wp","href":"https:\/\/api.w.org\/{rel}","templated":true}]}}