{"id":22018,"date":"2017-07-18T15:41:34","date_gmt":"2017-07-18T15:41:34","guid":{"rendered":"http:\/\/dev.scsottawa.on.ca\/?page_id=22018"},"modified":"2026-01-16T08:07:51","modified_gmt":"2026-01-16T13:07:51","slug":"ccm-eligibility-registration","status":"publish","type":"page","link":"https:\/\/scsonline.ca\/fr\/intake\/case-management-intake\/ccm-eligibility-registration\/","title":{"rendered":"CCM &#8211; Admissibilit\u00e9 et Inscription"},"content":{"rendered":"<div style=\"line-height: 1.5em; padding: 20px;\">\n<div style=\"text-align: center;\">\n<h1>Gestion de cas pour enfants:<br \/>\ncrit\u00e8res d\u2019admissibilit\u00e9 et inscription<\/h1>\n<\/div>\n<hr \/>\n<h2>Crit\u00e8res d\u2019admissibilit\u00e9 de la gestion de cas pour enfants<\/h2>\n<p>Pour qu\u2019ils soient admissibles aux services de gestion de cas, les enfants doivent r\u00e9pondre aux crit\u00e8res suivants\u00a0:<\/p>\n<ul>\n<li>\u00catre \u00e2g\u00e9s de moins de 18\u00a0ans<\/li>\n<li>Vivre \u00e0 Ottawa<\/li>\n<li>Avoir re\u00e7u un diagnostic confirm\u00e9 et document\u00e9 de <b> <u> d\u00e9ficience intellectuelle (avec un score d\u2019aptitude intellectuelle inf\u00e9rieur au 2e percentile) ou de trouble du spectre autistique <\/u><\/b><\/li>\n<\/ul>\n<hr \/>\n<hr \/>\n<h2>Inscription:<\/h2>\n<div class=\"su-row\">\n<div class=\"su-column su-column-size-1-2\"><div class=\"su-column-inner su-u-clearfix su-u-trim\">\n<h2><strong>Compl\u00e9tez le formulaire d\u2019inscription en ligne<\/strong><\/h2>\n<p>Pour s\u2019inscrire aux services de gestion de cas, un parent\/tuteur doit remplir le formulaire suivant et joindre les documents demand\u00e9s.<br \/>\nLe formulaire d\u2019inscription sera examin\u00e9 par Service Coordination Soutien (SCS) afin de confirmer l\u2019admissibilit\u00e9 et de d\u00e9finir les prochaines \u00e9tapes.<\/p>\n<div style=\"margin-bottom: 15px;\"><a href=\"\/registration-form\/\" class=\"su-button su-button-style-default\" style=\"color:#FFFFFF;background-color:#065c82;border-color:#054a68;border-radius:5px\" target=\"_self\"><span style=\"color:#FFFFFF;padding:6px 16px;font-size:13px;line-height:20px;border-color:#518da8;border-radius:5px;text-shadow:none\"><i class=\"sui sui-edit\" style=\"font-size:13px;color:#FFFFFF\"><\/i> Inscription en ligne<\/span><\/a><\/div>\n<\/div><\/div>\n<div class=\"su-column su-column-size-1-2\"><div class=\"su-column-inner su-u-clearfix su-u-trim\">\n<\/div><\/div>\n<\/div>\n<hr \/>\n<\/div>","protected":false},"excerpt":{"rendered":"<p>Gestion de cas pour enfants: crit\u00e8res d\u2019admissibilit\u00e9 et inscription Crit\u00e8res d\u2019admissibilit\u00e9 de la gestion de cas pour enfants Pour qu\u2019ils soient admissibles aux services de gestion de cas, les enfants doivent r\u00e9pondre aux crit\u00e8res suivants\u00a0: \u00catre \u00e2g\u00e9s de moins de 18\u00a0ans Vivre \u00e0 Ottawa Avoir re\u00e7u un diagnostic confirm\u00e9 et document\u00e9 de d\u00e9ficience intellectuelle (avec &hellip; <a href=\"https:\/\/scsonline.ca\/fr\/intake\/case-management-intake\/ccm-eligibility-registration\/\" class=\"more-link\">Continuer la lecture de <span class=\"screen-reader-text\">CCM &#8211; Admissibilit\u00e9 et Inscription<\/span> <span class=\"meta-nav\">&rarr;<\/span><\/a><\/p>\n","protected":false},"author":2,"featured_media":0,"parent":133,"menu_order":0,"comment_status":"closed","ping_status":"closed","template":"","meta":{"om_disable_all_campaigns":false,"_monsterinsights_skip_tracking":false,"_monsterinsights_sitenote_active":false,"_monsterinsights_sitenote_note":"","_monsterinsights_sitenote_category":0,"_uf_show_specific_survey":0,"_uf_disable_surveys":false,"footnotes":""},"class_list":["post-22018","page","type-page","status-publish","hentry"],"_links":{"self":[{"href":"https:\/\/scsonline.ca\/fr\/wp-json\/wp\/v2\/pages\/22018","targetHints":{"allow":["GET"]}}],"collection":[{"href":"https:\/\/scsonline.ca\/fr\/wp-json\/wp\/v2\/pages"}],"about":[{"href":"https:\/\/scsonline.ca\/fr\/wp-json\/wp\/v2\/types\/page"}],"author":[{"embeddable":true,"href":"https:\/\/scsonline.ca\/fr\/wp-json\/wp\/v2\/users\/2"}],"replies":[{"embeddable":true,"href":"https:\/\/scsonline.ca\/fr\/wp-json\/wp\/v2\/comments?post=22018"}],"version-history":[{"count":89,"href":"https:\/\/scsonline.ca\/fr\/wp-json\/wp\/v2\/pages\/22018\/revisions"}],"predecessor-version":[{"id":41033,"href":"https:\/\/scsonline.ca\/fr\/wp-json\/wp\/v2\/pages\/22018\/revisions\/41033"}],"up":[{"embeddable":true,"href":"https:\/\/scsonline.ca\/fr\/wp-json\/wp\/v2\/pages\/133"}],"wp:attachment":[{"href":"https:\/\/scsonline.ca\/fr\/wp-json\/wp\/v2\/media?parent=22018"}],"curies":[{"name":"wp","href":"https:\/\/api.w.org\/{rel}","templated":true}]}}