{"id":185,"date":"2017-07-17T20:14:23","date_gmt":"2017-07-17T20:14:23","guid":{"rendered":"http:\/\/dev.scsottawa.on.ca\/?page_id=185"},"modified":"2023-09-26T14:44:10","modified_gmt":"2023-09-26T18:44:10","slug":"whats-new","status":"publish","type":"page","link":"https:\/\/scsonline.ca\/fr\/whats-new\/","title":{"rendered":"Quoi de neuf"},"content":{"rendered":"<h1>Quoi de neuf<\/h1>\n<div class=\"pt-cv-wrapper\"><div class=\"pt-cv-view pt-cv-grid pt-cv-colsys\" id=\"pt-cv-view-4c5c574erw\"><div data-id=\"pt-cv-page-1\" class=\"pt-cv-page\" data-cvc=\"3\"><div class=\"col-md-4 col-sm-6 col-xs-12 pt-cv-content-item pt-cv-1-col\" ><div class='pt-cv-ifield'><a href=\"https:\/\/scsonline.ca\/fr\/2026\/05\/06\/dso-webinar-help-shape-canadas-national-housing-strategy\/\" class=\"_blank pt-cv-href-thumbnail pt-cv-thumb-default\" target=\"_blank\" ><img loading=\"lazy\" decoding=\"async\" width=\"300\" height=\"152\" src=\"https:\/\/scsonline.ca\/wp-content\/uploads\/2026\/01\/Screenshot-2026-01-22-102739-300x152.png\" class=\"pt-cv-thumbnail\" alt=\"\" srcset=\"https:\/\/scsonline.ca\/wp-content\/uploads\/2026\/01\/Screenshot-2026-01-22-102739-300x152.png 300w, https:\/\/scsonline.ca\/wp-content\/uploads\/2026\/01\/Screenshot-2026-01-22-102739.png 387w\" sizes=\"auto, (max-width: 300px) 100vw, 300px\" \/><\/a>\n<h2 class=\"pt-cv-title\"><a href=\"https:\/\/scsonline.ca\/fr\/2026\/05\/06\/dso-webinar-help-shape-canadas-national-housing-strategy\/\" class=\"_blank\" target=\"_blank\" >Webinaire SOPDI : Aidez \u00e0 fa\u00e7onner la Strat\u00e9gie nationale sur le logement du Canada<\/a><\/h2>\n<div class=\"pt-cv-taxoterm below_title\"><a href='https:\/\/scsonline.ca\/fr\/category\/community\/' title='Communaut\u00e9' class='pt-cv-tax-community'>Communaut\u00e9<\/a><a href='https:\/\/scsonline.ca\/fr\/category\/news\/' title='Nouvelles' class='pt-cv-tax-news'>Nouvelles<\/a><\/div>\n<div class=\"pt-cv-content\">Joignez-vous aux services de l\u2019Ontario pour les personnes ayant une d\u00e9ficience intellectuelle (SOPDI) le mercredi 20 mai, de 12 h ...<\/div><\/div><\/div>\n<div class=\"col-md-4 col-sm-6 col-xs-12 pt-cv-content-item pt-cv-1-col\" ><div class='pt-cv-ifield'><a href=\"https:\/\/scsonline.ca\/fr\/2026\/05\/01\/notice-of-meeting-annual-general-meeting\/\" class=\"_blank pt-cv-href-thumbnail pt-cv-thumb-default\" target=\"_blank\" ><img loading=\"lazy\" decoding=\"async\" width=\"300\" height=\"236\" src=\"https:\/\/scsonline.ca\/wp-content\/uploads\/2026\/05\/Screenshot-2026-05-01-130318-300x236.png\" class=\"pt-cv-thumbnail\" alt=\"\" srcset=\"https:\/\/scsonline.ca\/wp-content\/uploads\/2026\/05\/Screenshot-2026-05-01-130318-300x236.png 300w, https:\/\/scsonline.ca\/wp-content\/uploads\/2026\/05\/Screenshot-2026-05-01-130318.png 571w\" sizes=\"auto, (max-width: 300px) 100vw, 300px\" \/><\/a>\n<h2 class=\"pt-cv-title\"><a href=\"https:\/\/scsonline.ca\/fr\/2026\/05\/01\/notice-of-meeting-annual-general-meeting\/\" class=\"_blank\" target=\"_blank\" >Avis d\u2019assembl\u00e9e: assembl\u00e9e g\u00e9n\u00e9rale annuelle<\/a><\/h2>\n<div class=\"pt-cv-taxoterm below_title\"><a href='https:\/\/scsonline.ca\/fr\/category\/community\/' title='Communaut\u00e9' class='pt-cv-tax-community'>Communaut\u00e9<\/a><a href='https:\/\/scsonline.ca\/fr\/category\/news\/' title='Nouvelles' class='pt-cv-tax-news'>Nouvelles<\/a><\/div>\n<div class=\"pt-cv-content\">Par la pr\u00e9sente, veuillez prendre note de la tenue de l\u2019assembl\u00e9e g\u00e9n\u00e9rale annuelle des membres de Services Coordination Soutien (SCS) ...<\/div><\/div><\/div>\n<div class=\"col-md-4 col-sm-6 col-xs-12 pt-cv-content-item pt-cv-1-col\" ><div class='pt-cv-ifield'><a href=\"https:\/\/scsonline.ca\/fr\/2026\/04\/15\/new-client-portal-for-scs-administered-funding\/\" class=\"_blank pt-cv-href-thumbnail pt-cv-thumb-default\" target=\"_blank\" ><img loading=\"lazy\" decoding=\"async\" width=\"300\" height=\"300\" src=\"https:\/\/scsonline.ca\/wp-content\/uploads\/2026\/04\/Client-Portal-In-the-Community-Graphic-EN-300x300.png\" class=\"pt-cv-thumbnail\" alt=\"\" srcset=\"https:\/\/scsonline.ca\/wp-content\/uploads\/2026\/04\/Client-Portal-In-the-Community-Graphic-EN-300x300.png 300w, https:\/\/scsonline.ca\/wp-content\/uploads\/2026\/04\/Client-Portal-In-the-Community-Graphic-EN-1024x1024.png 1024w, https:\/\/scsonline.ca\/wp-content\/uploads\/2026\/04\/Client-Portal-In-the-Community-Graphic-EN-150x150.png 150w, https:\/\/scsonline.ca\/wp-content\/uploads\/2026\/04\/Client-Portal-In-the-Community-Graphic-EN-768x768.png 768w, https:\/\/scsonline.ca\/wp-content\/uploads\/2026\/04\/Client-Portal-In-the-Community-Graphic-EN.png 1080w\" sizes=\"auto, (max-width: 300px) 100vw, 300px\" \/><\/a>\n<h2 class=\"pt-cv-title\"><a href=\"https:\/\/scsonline.ca\/fr\/2026\/04\/15\/new-client-portal-for-scs-administered-funding\/\" class=\"_blank\" target=\"_blank\" >Nouveau portail client pour le financement administr\u00e9 par le SCS<\/a><\/h2>\n<div class=\"pt-cv-taxoterm below_title\"><a href='https:\/\/scsonline.ca\/fr\/category\/community\/' title='Communaut\u00e9' class='pt-cv-tax-community'>Communaut\u00e9<\/a><a href='https:\/\/scsonline.ca\/fr\/category\/news\/' title='Nouvelles' class='pt-cv-tax-news'>Nouvelles<\/a><\/div>\n<div class=\"pt-cv-content\">Plus tard cette ann\u00e9e, le SCS commencera \u00e0 utiliser un portail client s\u00e9curis\u00e9 en ligne. Ce nouveau portail facilitera l&#8217;acc\u00e8s ...<\/div><\/div><\/div>\n<div class=\"col-md-4 col-sm-6 col-xs-12 pt-cv-content-item pt-cv-1-col\" ><div class='pt-cv-ifield'><a href=\"https:\/\/scsonline.ca\/fr\/2026\/04\/10\/algonquin-college-life-program\/\" class=\"_blank pt-cv-href-thumbnail pt-cv-thumb-default\" target=\"_blank\" ><img loading=\"lazy\" decoding=\"async\" width=\"300\" height=\"187\" src=\"https:\/\/scsonline.ca\/wp-content\/uploads\/2026\/04\/Screenshot-2026-04-10-112444-300x187.png\" class=\"pt-cv-thumbnail\" alt=\"\" srcset=\"https:\/\/scsonline.ca\/wp-content\/uploads\/2026\/04\/Screenshot-2026-04-10-112444-300x187.png 300w, https:\/\/scsonline.ca\/wp-content\/uploads\/2026\/04\/Screenshot-2026-04-10-112444-768x479.png 768w, https:\/\/scsonline.ca\/wp-content\/uploads\/2026\/04\/Screenshot-2026-04-10-112444.png 932w\" sizes=\"auto, (max-width: 300px) 100vw, 300px\" \/><\/a>\n<h2 class=\"pt-cv-title\"><a href=\"https:\/\/scsonline.ca\/fr\/2026\/04\/10\/algonquin-college-life-program\/\" class=\"_blank\" target=\"_blank\" >Programme &#8220;LIFE&#8221; d&#8217;Algonquin College<\/a><\/h2>\n<div class=\"pt-cv-taxoterm below_title\"><a href='https:\/\/scsonline.ca\/fr\/category\/community\/' title='Communaut\u00e9' class='pt-cv-tax-community'>Communaut\u00e9<\/a><\/div>\n<div class=\"pt-cv-content\">Cet automne, le programme, &#8220;Academic Assistance for Students with Developmental Disabilities (AAADD),&#8221; du Algonquin College sera relanc\u00e9 sous le nom ...<\/div><\/div><\/div>\n<div class=\"col-md-4 col-sm-6 col-xs-12 pt-cv-content-item pt-cv-1-col\" ><div class='pt-cv-ifield'><a href=\"https:\/\/scsonline.ca\/fr\/2026\/04\/08\/register-for-cheo-foundational-family-services-transition-to-adulthood-series\/\" class=\"_blank pt-cv-href-thumbnail pt-cv-thumb-default\" target=\"_blank\" ><img loading=\"lazy\" decoding=\"async\" width=\"237\" height=\"96\" src=\"https:\/\/scsonline.ca\/wp-content\/uploads\/2026\/04\/Screenshot-2026-04-08-094259.png\" class=\"pt-cv-thumbnail\" alt=\"\" \/><\/a>\n<h2 class=\"pt-cv-title\"><a href=\"https:\/\/scsonline.ca\/fr\/2026\/04\/08\/register-for-cheo-foundational-family-services-transition-to-adulthood-series\/\" class=\"_blank\" target=\"_blank\" >Inscrivez-vous \u00e0 la s\u00e9rie \u00ab Transition vers l\u2019\u00e2ge adulte \u00bb des Services familiaux fondamentaux de CHEO<\/a><\/h2>\n<div class=\"pt-cv-taxoterm below_title\"><a href='https:\/\/scsonline.ca\/fr\/category\/community\/' title='Communaut\u00e9' class='pt-cv-tax-community'>Communaut\u00e9<\/a><\/div>\n<div class=\"pt-cv-content\">La transition vers l\u2019\u00e2ge adulte est un processus qui n\u00e9cessite planification et pr\u00e9paration. Cette s\u00e9rie en deux parties des\u00a0Services familiaux ...<\/div><\/div><\/div>\n<div class=\"col-md-4 col-sm-6 col-xs-12 pt-cv-content-item pt-cv-1-col\" ><div class='pt-cv-ifield'><a href=\"https:\/\/scsonline.ca\/fr\/2026\/04\/08\/register-for-autism-ontarios-journey-to-adulthood-discussion-workshops\/\" class=\"_blank pt-cv-href-thumbnail pt-cv-thumb-default\" target=\"_blank\" ><img loading=\"lazy\" decoding=\"async\" width=\"300\" height=\"166\" src=\"https:\/\/scsonline.ca\/wp-content\/uploads\/2026\/04\/Screenshot-2025-11-13-113215-300x166.png\" class=\"pt-cv-thumbnail\" alt=\"\" srcset=\"https:\/\/scsonline.ca\/wp-content\/uploads\/2026\/04\/Screenshot-2025-11-13-113215-300x166.png 300w, https:\/\/scsonline.ca\/wp-content\/uploads\/2026\/04\/Screenshot-2025-11-13-113215.png 316w\" sizes=\"auto, (max-width: 300px) 100vw, 300px\" \/><\/a>\n<h2 class=\"pt-cv-title\"><a href=\"https:\/\/scsonline.ca\/fr\/2026\/04\/08\/register-for-autism-ontarios-journey-to-adulthood-discussion-workshops\/\" class=\"_blank\" target=\"_blank\" >Inscrivez-vous aux ateliers de discussion \u00ab Cheminement vers l&#8217;\u00e2ge adulte \u00bb d\u2019Autism Ontario<\/a><\/h2>\n<div class=\"pt-cv-taxoterm below_title\"><a href='https:\/\/scsonline.ca\/fr\/category\/community\/' title='Communaut\u00e9' class='pt-cv-tax-community'>Communaut\u00e9<\/a><\/div>\n<div class=\"pt-cv-content\">Les ateliers de discussion &#8220;Cheminement vers l&#8217;\u00e2ge adulte&#8221; d&#8217;Autism Ontario\u00a0consistent en une s\u00e9rie de six rencontres virtuelles portant sur des ...<\/div><\/div><\/div>\n<div class=\"col-md-4 col-sm-6 col-xs-12 pt-cv-content-item pt-cv-1-col\" ><div class='pt-cv-ifield'><a href=\"https:\/\/scsonline.ca\/fr\/2026\/04\/08\/attend-project-search-ottawa-virtual-information-night\/\" class=\"_blank pt-cv-href-thumbnail pt-cv-thumb-default\" target=\"_blank\" ><img loading=\"lazy\" decoding=\"async\" width=\"300\" height=\"222\" src=\"https:\/\/scsonline.ca\/wp-content\/uploads\/2026\/04\/Screenshot-2026-04-01-105001-300x222.png\" class=\"pt-cv-thumbnail\" alt=\"\" srcset=\"https:\/\/scsonline.ca\/wp-content\/uploads\/2026\/04\/Screenshot-2026-04-01-105001-300x222.png 300w, https:\/\/scsonline.ca\/wp-content\/uploads\/2026\/04\/Screenshot-2026-04-01-105001.png 334w\" sizes=\"auto, (max-width: 300px) 100vw, 300px\" \/><\/a>\n<h2 class=\"pt-cv-title\"><a href=\"https:\/\/scsonline.ca\/fr\/2026\/04\/08\/attend-project-search-ottawa-virtual-information-night\/\" class=\"_blank\" target=\"_blank\" >Assistez \u00e0 la soir\u00e9e d\u2019information virtuelle de Project SEARCH Ottawa<\/a><\/h2>\n<div class=\"pt-cv-taxoterm below_title\"><a href='https:\/\/scsonline.ca\/fr\/category\/community\/' title='Communaut\u00e9' class='pt-cv-tax-community'>Communaut\u00e9<\/a><\/div>\n<div class=\"pt-cv-content\">Project SEARCH est un programme innovant de transition de l\u2019\u00e9cole vers le travail, con\u00e7u pour les \u00e9l\u00e8ves ayant une d\u00e9ficience ...<\/div><\/div><\/div>\n<div class=\"col-md-4 col-sm-6 col-xs-12 pt-cv-content-item pt-cv-1-col\" ><div class='pt-cv-ifield'><a href=\"https:\/\/scsonline.ca\/fr\/2026\/04\/02\/waitlist-watch-2\/\" class=\"_blank pt-cv-href-thumbnail pt-cv-thumb-default\" target=\"_blank\" ><img loading=\"lazy\" decoding=\"async\" width=\"300\" height=\"225\" src=\"https:\/\/scsonline.ca\/wp-content\/uploads\/2026\/04\/Waitlist-Watch-Graphic-SCS-Express-April-EN-300x225.png\" class=\"pt-cv-thumbnail\" alt=\"\" srcset=\"https:\/\/scsonline.ca\/wp-content\/uploads\/2026\/04\/Waitlist-Watch-Graphic-SCS-Express-April-EN-300x225.png 300w, https:\/\/scsonline.ca\/wp-content\/uploads\/2026\/04\/Waitlist-Watch-Graphic-SCS-Express-April-EN-768x576.png 768w, https:\/\/scsonline.ca\/wp-content\/uploads\/2026\/04\/Waitlist-Watch-Graphic-SCS-Express-April-EN.png 1024w\" sizes=\"auto, (max-width: 300px) 100vw, 300px\" \/><\/a>\n<h2 class=\"pt-cv-title\"><a href=\"https:\/\/scsonline.ca\/fr\/2026\/04\/02\/waitlist-watch-2\/\" class=\"_blank\" target=\"_blank\" >La liste d\u2019attente en chiffres<\/a><\/h2>\n<div class=\"pt-cv-taxoterm below_title\"><a href='https:\/\/scsonline.ca\/fr\/category\/community\/' title='Communaut\u00e9' class='pt-cv-tax-community'>Communaut\u00e9<\/a><a href='https:\/\/scsonline.ca\/fr\/category\/news\/' title='Nouvelles' class='pt-cv-tax-news'>Nouvelles<\/a><\/div>\n<div class=\"pt-cv-content\">\u00c0 SCS, notre objectif est de vous mettre en relation avec les services de gestion de cas le plus rapidement ...<\/div><\/div><\/div>\n<div class=\"col-md-4 col-sm-6 col-xs-12 pt-cv-content-item pt-cv-1-col\" ><div class='pt-cv-ifield'><a href=\"https:\/\/scsonline.ca\/fr\/2026\/03\/17\/have-your-say-help-improve-the-scs-brand\/\" class=\"_blank pt-cv-href-thumbnail pt-cv-thumb-default\" target=\"_blank\" ><img loading=\"lazy\" decoding=\"async\" width=\"300\" height=\"197\" src=\"https:\/\/scsonline.ca\/wp-content\/uploads\/2026\/03\/Screenshot-2026-01-28-110959-300x197.png\" class=\"pt-cv-thumbnail\" alt=\"\" srcset=\"https:\/\/scsonline.ca\/wp-content\/uploads\/2026\/03\/Screenshot-2026-01-28-110959-300x197.png 300w, https:\/\/scsonline.ca\/wp-content\/uploads\/2026\/03\/Screenshot-2026-01-28-110959.png 478w\" sizes=\"auto, (max-width: 300px) 100vw, 300px\" \/><\/a>\n<h2 class=\"pt-cv-title\"><a href=\"https:\/\/scsonline.ca\/fr\/2026\/03\/17\/have-your-say-help-improve-the-scs-brand\/\" class=\"_blank\" target=\"_blank\" >Donnez votre avis : Aidez \u00e0 fa\u00e7onner la marque du SCS<\/a><\/h2>\n<div class=\"pt-cv-taxoterm below_title\"><a href='https:\/\/scsonline.ca\/fr\/category\/community\/' title='Communaut\u00e9' class='pt-cv-tax-community'>Communaut\u00e9<\/a><a href='https:\/\/scsonline.ca\/fr\/category\/news\/' title='Nouvelles' class='pt-cv-tax-news'>Nouvelles<\/a><\/div>\n<div class=\"pt-cv-content\">Chez\u00a0Service Coordination Soutien (SCS), nous explorons comment notre marque peut \u00e9voluer pour mieux refl\u00e9ter les personnes que nous soutenons. Dans ...<\/div><\/div><\/div>\n<div class=\"col-md-4 col-sm-6 col-xs-12 pt-cv-content-item pt-cv-1-col\" ><div class='pt-cv-ifield'><a href=\"https:\/\/scsonline.ca\/fr\/2026\/03\/03\/save-the-date-virtual-developmental-services-ontario-housing-strategy-forum\/\" class=\"_blank pt-cv-href-thumbnail pt-cv-thumb-default\" target=\"_blank\" ><img loading=\"lazy\" decoding=\"async\" width=\"300\" height=\"135\" src=\"https:\/\/scsonline.ca\/wp-content\/uploads\/2026\/03\/Screenshot-2026-03-03-105703-300x135.png\" class=\"pt-cv-thumbnail\" alt=\"\" srcset=\"https:\/\/scsonline.ca\/wp-content\/uploads\/2026\/03\/Screenshot-2026-03-03-105703-300x135.png 300w, https:\/\/scsonline.ca\/wp-content\/uploads\/2026\/03\/Screenshot-2026-03-03-105703.png 585w\" sizes=\"auto, (max-width: 300px) 100vw, 300px\" \/><\/a>\n<h2 class=\"pt-cv-title\"><a href=\"https:\/\/scsonline.ca\/fr\/2026\/03\/03\/save-the-date-virtual-developmental-services-ontario-housing-strategy-forum\/\" class=\"_blank\" target=\"_blank\" >Forum virtuel sur la strat\u00e9gie de logement des Services de l\u2019Ontario pour les personnes ayant une d\u00e9ficience intellectuelle (SOPDI)<\/a><\/h2>\n<div class=\"pt-cv-taxoterm below_title\"><a href='https:\/\/scsonline.ca\/fr\/category\/community\/' title='Communaut\u00e9' class='pt-cv-tax-community'>Communaut\u00e9<\/a><\/div>\n<div class=\"pt-cv-content\">EN 2026 Housing Forum Flyer Joignez-vous aux Services de l\u2019Ontario pour les personnes ayant une d\u00e9ficience intellectuelle (SOPDI) le mardi ...<\/div><\/div><\/div>\n<div class=\"col-md-4 col-sm-6 col-xs-12 pt-cv-content-item pt-cv-1-col\" ><div class='pt-cv-ifield'><a href=\"https:\/\/scsonline.ca\/fr\/2026\/03\/03\/free-dso-housing-webinar-a-story-of-shared-living\/\" class=\"_blank pt-cv-href-thumbnail pt-cv-thumb-default\" target=\"_blank\" ><img loading=\"lazy\" decoding=\"async\" width=\"300\" height=\"200\" src=\"https:\/\/scsonline.ca\/wp-content\/uploads\/2025\/03\/Submit-your-expression-300x200.jpg\" class=\"pt-cv-thumbnail\" alt=\"\" srcset=\"https:\/\/scsonline.ca\/wp-content\/uploads\/2025\/03\/Submit-your-expression-300x200.jpg 300w, https:\/\/scsonline.ca\/wp-content\/uploads\/2025\/03\/Submit-your-expression-1024x683.jpg 1024w, https:\/\/scsonline.ca\/wp-content\/uploads\/2025\/03\/Submit-your-expression-768x512.jpg 768w, https:\/\/scsonline.ca\/wp-content\/uploads\/2025\/03\/Submit-your-expression-1536x1025.jpg 1536w, https:\/\/scsonline.ca\/wp-content\/uploads\/2025\/03\/Submit-your-expression-2048x1366.jpg 2048w\" sizes=\"auto, (max-width: 300px) 100vw, 300px\" \/><\/a>\n<h2 class=\"pt-cv-title\"><a href=\"https:\/\/scsonline.ca\/fr\/2026\/03\/03\/free-dso-housing-webinar-a-story-of-shared-living\/\" class=\"_blank\" target=\"_blank\" >Webinaire gratuit de SOPDI sur le logement : Une histoire de vie partag\u00e9e<\/a><\/h2>\n<div class=\"pt-cv-taxoterm below_title\"><a href='https:\/\/scsonline.ca\/fr\/category\/community\/' title='Communaut\u00e9' class='pt-cv-tax-community'>Communaut\u00e9<\/a><\/div>\n<div class=\"pt-cv-content\">lunch and learn_A Story of Shared Living April 23 2026 (002) Joignez-vous aux Services de l&#8217;Ontario pour les personnes ayant ...<\/div><\/div><\/div>\n<div class=\"col-md-4 col-sm-6 col-xs-12 pt-cv-content-item pt-cv-1-col\" ><div class='pt-cv-ifield'><a href=\"https:\/\/scsonline.ca\/fr\/2026\/03\/03\/free-dso-housing-webinar-how-technology-can-support-daily-living-and-independence\/\" class=\"_blank pt-cv-href-thumbnail pt-cv-thumb-default\" target=\"_blank\" ><img loading=\"lazy\" decoding=\"async\" width=\"286\" height=\"300\" src=\"https:\/\/scsonline.ca\/wp-content\/uploads\/2025\/12\/Screenshot-2025-11-13-113303-286x300.png\" class=\"pt-cv-thumbnail\" alt=\"\" srcset=\"https:\/\/scsonline.ca\/wp-content\/uploads\/2025\/12\/Screenshot-2025-11-13-113303-286x300.png 286w, https:\/\/scsonline.ca\/wp-content\/uploads\/2025\/12\/Screenshot-2025-11-13-113303.png 536w\" sizes=\"auto, (max-width: 286px) 100vw, 286px\" \/><\/a>\n<h2 class=\"pt-cv-title\"><a href=\"https:\/\/scsonline.ca\/fr\/2026\/03\/03\/free-dso-housing-webinar-how-technology-can-support-daily-living-and-independence\/\" class=\"_blank\" target=\"_blank\" >Webinaire gratuit de SOPDI sur le logement : Comment la technologie peut soutenir la vie quotidienne et l&#8217;autonomie<\/a><\/h2>\n<div class=\"pt-cv-taxoterm below_title\"><a href='https:\/\/scsonline.ca\/fr\/category\/community\/' title='Communaut\u00e9' class='pt-cv-tax-community'>Communaut\u00e9<\/a><\/div>\n<div class=\"pt-cv-content\">lunch and learn_Technology March 27 2026 Joignez-vous aux Services de l&#8217;Ontario pour les personnes ayant une d\u00e9ficience intellectuelle (SOPDI) le ...<\/div><\/div><\/div><\/div><\/div><\/div>\n<div class=\"su-button-center\"><a href=\"\/fr\/whats-new\/whats-new-all-updates\/\" class=\"su-button su-button-style-glass su-button-wide\" style=\"color:#FFFFFF;background-color:#065c82;border-color:#054a68;border-radius:12px\" target=\"_blank\" rel=\"noopener noreferrer\"><span style=\"color:#FFFFFF;padding:0px 30px;font-size:22px;line-height:44px;border-color:#518da8;border-radius:12px;text-shadow:none\"> Cliquez ici pour toutes les mises \u00e0 jour<\/span><\/a><\/div>\n<hr \/>\n<p><strong>Clause de non-responsabilit\u00e9<\/strong><br \/>\nLes ressources list\u00e9es le sont \u00e0 titre informatif uniquement, et ne repr\u00e9sentent pas une association privil\u00e9gi\u00e9e avec SCS. En utilisant ces ressources, vous assumez tous les risques et toutes les responsabilit\u00e9s.","protected":false},"excerpt":{"rendered":"<p>Quoi de neuf Clause de non-responsabilit\u00e9 Les ressources list\u00e9es le sont \u00e0 titre informatif uniquement, et ne repr\u00e9sentent pas une association privil\u00e9gi\u00e9e avec SCS. En utilisant ces ressources, vous assumez tous les risques et toutes les responsabilit\u00e9s.<\/p>\n","protected":false},"author":2,"featured_media":0,"parent":0,"menu_order":0,"comment_status":"closed","ping_status":"closed","template":"","meta":{"om_disable_all_campaigns":false,"_monsterinsights_skip_tracking":false,"_monsterinsights_sitenote_active":false,"_monsterinsights_sitenote_note":"","_monsterinsights_sitenote_category":0,"_uf_show_specific_survey":0,"_uf_disable_surveys":false,"footnotes":""},"class_list":["post-185","page","type-page","status-publish","hentry"],"_links":{"self":[{"href":"https:\/\/scsonline.ca\/fr\/wp-json\/wp\/v2\/pages\/185","targetHints":{"allow":["GET"]}}],"collection":[{"href":"https:\/\/scsonline.ca\/fr\/wp-json\/wp\/v2\/pages"}],"about":[{"href":"https:\/\/scsonline.ca\/fr\/wp-json\/wp\/v2\/types\/page"}],"author":[{"embeddable":true,"href":"https:\/\/scsonline.ca\/fr\/wp-json\/wp\/v2\/users\/2"}],"replies":[{"embeddable":true,"href":"https:\/\/scsonline.ca\/fr\/wp-json\/wp\/v2\/comments?post=185"}],"version-history":[{"count":44,"href":"https:\/\/scsonline.ca\/fr\/wp-json\/wp\/v2\/pages\/185\/revisions"}],"predecessor-version":[{"id":36223,"href":"https:\/\/scsonline.ca\/fr\/wp-json\/wp\/v2\/pages\/185\/revisions\/36223"}],"wp:attachment":[{"href":"https:\/\/scsonline.ca\/fr\/wp-json\/wp\/v2\/media?parent=185"}],"curies":[{"name":"wp","href":"https:\/\/api.w.org\/{rel}","templated":true}]}}